{"id":28560,"date":"2024-03-06T15:28:02","date_gmt":"2024-03-06T15:28:02","guid":{"rendered":"https:\/\/additioapp.com\/centros-privados\/"},"modified":"2026-03-19T07:19:48","modified_gmt":"2026-03-19T07:19:48","slug":"etablissements-prive","status":"publish","type":"page","link":"https:\/\/additioapp.com\/fr\/etablissements-prive\/","title":{"rendered":"\u00c9tablissements priv\u00e9s"},"content":{"rendered":"","protected":false},"excerpt":{"rendered":"","protected":false},"author":2,"featured_media":0,"parent":0,"menu_order":0,"comment_status":"closed","ping_status":"closed","template":"","meta":{"_acf_changed":false,"inline_featured_image":false,"footnotes":""},"class_list":["post-28560","page","type-page","status-publish","hentry"],"acf":[],"yoast_head":"<!-- This site is optimized with the Yoast SEO plugin v26.1.1 - https:\/\/yoast.com\/wordpress\/plugins\/seo\/ -->\n<title>Plateforme de gestion scolaire pour les \u00e9tablissements priv\u00e9es - Additio<\/title>\n<meta name=\"description\" content=\"Plateforme int\u00e9gr\u00e9e de gestion scolaire qui couvre tous les besoins des \u00e9tablissements priv\u00e9s et sous contrat.\" \/>\n<meta name=\"robots\" content=\"index, follow, max-snippet:-1, max-image-preview:large, max-video-preview:-1\" \/>\n<link rel=\"canonical\" href=\"https:\/\/additioapp.com\/fr\/etablissements-prive\/\" \/>\n<meta property=\"og:locale\" content=\"fr_FR\" \/>\n<meta property=\"og:type\" content=\"article\" \/>\n<meta property=\"og:title\" content=\"Plateforme de gestion scolaire pour les \u00e9tablissements priv\u00e9es - Additio\" \/>\n<meta property=\"og:description\" content=\"Plateforme int\u00e9gr\u00e9e de gestion scolaire qui couvre tous les besoins des \u00e9tablissements priv\u00e9s et sous contrat.\" \/>\n<meta property=\"og:url\" content=\"https:\/\/additioapp.com\/fr\/etablissements-prive\/\" \/>\n<meta property=\"og:site_name\" content=\"Additio\" \/>\n<meta property=\"article:modified_time\" content=\"2026-03-19T07:19:48+00:00\" \/>\n<meta property=\"og:image\" content=\"https:\/\/additioapp.com\/wp-content\/uploads\/2023\/05\/logo-xarxes.png\" \/>\n\t<meta property=\"og:image:width\" content=\"768\" \/>\n\t<meta property=\"og:image:height\" content=\"384\" \/>\n\t<meta property=\"og:image:type\" content=\"image\/png\" \/>\n<meta name=\"twitter:card\" content=\"summary_large_image\" \/>\n<meta name=\"twitter:label1\" content=\"Dur\u00e9e de lecture estim\u00e9e\" \/>\n\t<meta name=\"twitter:data1\" content=\"4 minutes\" \/>\n<script type=\"application\/ld+json\" class=\"yoast-schema-graph\">{\"@context\":\"https:\/\/schema.org\",\"@graph\":[{\"@type\":\"WebPage\",\"@id\":\"https:\/\/additioapp.com\/fr\/etablissements-prive\/\",\"url\":\"https:\/\/additioapp.com\/fr\/etablissements-prive\/\",\"name\":\"Plateforme de gestion scolaire pour les \u00e9tablissements priv\u00e9es - Additio\",\"isPartOf\":{\"@id\":\"https:\/\/additioapp.com\/#website\"},\"datePublished\":\"2024-03-06T15:28:02+00:00\",\"dateModified\":\"2026-03-19T07:19:48+00:00\",\"description\":\"Plateforme int\u00e9gr\u00e9e de gestion scolaire qui couvre tous les besoins des \u00e9tablissements priv\u00e9s et sous contrat.\",\"breadcrumb\":{\"@id\":\"https:\/\/additioapp.com\/fr\/etablissements-prive\/#breadcrumb\"},\"inLanguage\":\"fr-FR\",\"potentialAction\":[{\"@type\":\"ReadAction\",\"target\":[\"https:\/\/additioapp.com\/fr\/etablissements-prive\/\"]}]},{\"@type\":\"BreadcrumbList\",\"@id\":\"https:\/\/additioapp.com\/fr\/etablissements-prive\/#breadcrumb\",\"itemListElement\":[{\"@type\":\"ListItem\",\"position\":1,\"name\":\"Portada\",\"item\":\"https:\/\/additioapp.com\/fr\/\"},{\"@type\":\"ListItem\",\"position\":2,\"name\":\"\u00c9tablissements priv\u00e9s\"}]},{\"@type\":\"WebSite\",\"@id\":\"https:\/\/additioapp.com\/#website\",\"url\":\"https:\/\/additioapp.com\/\",\"name\":\"Additio\",\"description\":\"Plateforme de gestion scolaire de nouvelle g\u00e9n\u00e9ration\",\"publisher\":{\"@id\":\"https:\/\/additioapp.com\/#organization\"},\"potentialAction\":[{\"@type\":\"SearchAction\",\"target\":{\"@type\":\"EntryPoint\",\"urlTemplate\":\"https:\/\/additioapp.com\/?s={search_term_string}\"},\"query-input\":{\"@type\":\"PropertyValueSpecification\",\"valueRequired\":true,\"valueName\":\"search_term_string\"}}],\"inLanguage\":\"fr-FR\"},{\"@type\":\"Organization\",\"@id\":\"https:\/\/additioapp.com\/#organization\",\"name\":\"Additio\",\"url\":\"https:\/\/additioapp.com\/\",\"logo\":{\"@type\":\"ImageObject\",\"inLanguage\":\"fr-FR\",\"@id\":\"https:\/\/additioapp.com\/#\/schema\/logo\/image\/\",\"url\":\"https:\/\/additioapp.com\/wp-content\/uploads\/2026\/03\/logo-web-by-seven.svg\",\"contentUrl\":\"https:\/\/additioapp.com\/wp-content\/uploads\/2026\/03\/logo-web-by-seven.svg\",\"width\":1570,\"height\":299,\"caption\":\"Additio\"},\"image\":{\"@id\":\"https:\/\/additioapp.com\/#\/schema\/logo\/image\/\"}}]}<\/script>\n<!-- \/ Yoast SEO plugin. -->","yoast_head_json":{"title":"Plateforme de gestion scolaire pour les \u00e9tablissements priv\u00e9es - Additio","description":"Plateforme int\u00e9gr\u00e9e de gestion scolaire qui couvre tous les besoins des \u00e9tablissements priv\u00e9s et sous contrat.","robots":{"index":"index","follow":"follow","max-snippet":"max-snippet:-1","max-image-preview":"max-image-preview:large","max-video-preview":"max-video-preview:-1"},"canonical":"https:\/\/additioapp.com\/fr\/etablissements-prive\/","og_locale":"fr_FR","og_type":"article","og_title":"Plateforme de gestion scolaire pour les \u00e9tablissements priv\u00e9es - Additio","og_description":"Plateforme int\u00e9gr\u00e9e de gestion scolaire qui couvre tous les besoins des \u00e9tablissements priv\u00e9s et sous contrat.","og_url":"https:\/\/additioapp.com\/fr\/etablissements-prive\/","og_site_name":"Additio","article_modified_time":"2026-03-19T07:19:48+00:00","og_image":[{"width":768,"height":384,"url":"https:\/\/additioapp.com\/wp-content\/uploads\/2023\/05\/logo-xarxes.png","type":"image\/png"}],"twitter_card":"summary_large_image","twitter_misc":{"Dur\u00e9e de lecture estim\u00e9e":"4 minutes"},"schema":{"@context":"https:\/\/schema.org","@graph":[{"@type":"WebPage","@id":"https:\/\/additioapp.com\/fr\/etablissements-prive\/","url":"https:\/\/additioapp.com\/fr\/etablissements-prive\/","name":"Plateforme de gestion scolaire pour les \u00e9tablissements priv\u00e9es - Additio","isPartOf":{"@id":"https:\/\/additioapp.com\/#website"},"datePublished":"2024-03-06T15:28:02+00:00","dateModified":"2026-03-19T07:19:48+00:00","description":"Plateforme int\u00e9gr\u00e9e de gestion scolaire qui couvre tous les besoins des \u00e9tablissements priv\u00e9s et sous contrat.","breadcrumb":{"@id":"https:\/\/additioapp.com\/fr\/etablissements-prive\/#breadcrumb"},"inLanguage":"fr-FR","potentialAction":[{"@type":"ReadAction","target":["https:\/\/additioapp.com\/fr\/etablissements-prive\/"]}]},{"@type":"BreadcrumbList","@id":"https:\/\/additioapp.com\/fr\/etablissements-prive\/#breadcrumb","itemListElement":[{"@type":"ListItem","position":1,"name":"Portada","item":"https:\/\/additioapp.com\/fr\/"},{"@type":"ListItem","position":2,"name":"\u00c9tablissements priv\u00e9s"}]},{"@type":"WebSite","@id":"https:\/\/additioapp.com\/#website","url":"https:\/\/additioapp.com\/","name":"Additio","description":"Plateforme de gestion scolaire de nouvelle g\u00e9n\u00e9ration","publisher":{"@id":"https:\/\/additioapp.com\/#organization"},"potentialAction":[{"@type":"SearchAction","target":{"@type":"EntryPoint","urlTemplate":"https:\/\/additioapp.com\/?s={search_term_string}"},"query-input":{"@type":"PropertyValueSpecification","valueRequired":true,"valueName":"search_term_string"}}],"inLanguage":"fr-FR"},{"@type":"Organization","@id":"https:\/\/additioapp.com\/#organization","name":"Additio","url":"https:\/\/additioapp.com\/","logo":{"@type":"ImageObject","inLanguage":"fr-FR","@id":"https:\/\/additioapp.com\/#\/schema\/logo\/image\/","url":"https:\/\/additioapp.com\/wp-content\/uploads\/2026\/03\/logo-web-by-seven.svg","contentUrl":"https:\/\/additioapp.com\/wp-content\/uploads\/2026\/03\/logo-web-by-seven.svg","width":1570,"height":299,"caption":"Additio"},"image":{"@id":"https:\/\/additioapp.com\/#\/schema\/logo\/image\/"}}]}},"_links":{"self":[{"href":"https:\/\/additioapp.com\/fr\/wp-json\/wp\/v2\/pages\/28560","targetHints":{"allow":["GET"]}}],"collection":[{"href":"https:\/\/additioapp.com\/fr\/wp-json\/wp\/v2\/pages"}],"about":[{"href":"https:\/\/additioapp.com\/fr\/wp-json\/wp\/v2\/types\/page"}],"author":[{"embeddable":true,"href":"https:\/\/additioapp.com\/fr\/wp-json\/wp\/v2\/users\/2"}],"replies":[{"embeddable":true,"href":"https:\/\/additioapp.com\/fr\/wp-json\/wp\/v2\/comments?post=28560"}],"version-history":[{"count":13,"href":"https:\/\/additioapp.com\/fr\/wp-json\/wp\/v2\/pages\/28560\/revisions"}],"predecessor-version":[{"id":34640,"href":"https:\/\/additioapp.com\/fr\/wp-json\/wp\/v2\/pages\/28560\/revisions\/34640"}],"wp:attachment":[{"href":"https:\/\/additioapp.com\/fr\/wp-json\/wp\/v2\/media?parent=28560"}],"curies":[{"name":"wp","href":"https:\/\/api.w.org\/{rel}","templated":true}]}}