{"id":19819,"date":"2022-08-09T08:19:08","date_gmt":"2022-08-09T08:19:08","guid":{"rendered":"https:\/\/additioapp.com\/plataforma-de-evaluacion-para-microsoft-teams\/"},"modified":"2023-05-23T14:08:50","modified_gmt":"2023-05-23T14:08:50","slug":"plataforme-evaluation-pour-microsoft-teams","status":"publish","type":"page","link":"https:\/\/additioapp.com\/fr\/plataforme-evaluation-pour-microsoft-teams\/","title":{"rendered":"Plateforme d&rsquo;\u00e9valuation pour Microsoft Teams"},"content":{"rendered":"","protected":false},"excerpt":{"rendered":"","protected":false},"author":2,"featured_media":0,"parent":0,"menu_order":0,"comment_status":"closed","ping_status":"closed","template":"","meta":{"_acf_changed":false,"inline_featured_image":false,"footnotes":""},"class_list":["post-19819","page","type-page","status-publish","hentry"],"acf":[],"yoast_head":"<!-- This site is optimized with the Yoast SEO plugin v26.1.1 - https:\/\/yoast.com\/wordpress\/plugins\/seo\/ -->\n<title>Plateforme d&#039;\u00e9valuation pour Microsoft Teams - Additio<\/title>\n<meta name=\"description\" content=\"Additio est int\u00e9gr\u00e9 \u00e0 Microsoft Teams et OneDrive. Synchronisez vos listes, notes, groupes et \u00e9tudiants.\" \/>\n<meta name=\"robots\" content=\"index, follow, max-snippet:-1, max-image-preview:large, max-video-preview:-1\" \/>\n<link rel=\"canonical\" href=\"https:\/\/additioapp.com\/fr\/plataforme-evaluation-pour-microsoft-teams\/\" \/>\n<meta property=\"og:locale\" content=\"fr_FR\" \/>\n<meta property=\"og:type\" content=\"article\" \/>\n<meta property=\"og:title\" content=\"Plateforme d&#039;\u00e9valuation pour Microsoft Teams - Additio\" \/>\n<meta property=\"og:description\" content=\"Additio est int\u00e9gr\u00e9 \u00e0 Microsoft Teams et OneDrive. Synchronisez vos listes, notes, groupes et \u00e9tudiants.\" \/>\n<meta property=\"og:url\" content=\"https:\/\/additioapp.com\/fr\/plataforme-evaluation-pour-microsoft-teams\/\" \/>\n<meta property=\"og:site_name\" content=\"Additio\" \/>\n<meta property=\"article:modified_time\" content=\"2023-05-23T14:08:50+00:00\" \/>\n<meta property=\"og:image\" content=\"https:\/\/additioapp.com\/wp-content\/uploads\/2023\/05\/logo-xarxes.png\" \/>\n\t<meta property=\"og:image:width\" content=\"768\" \/>\n\t<meta property=\"og:image:height\" content=\"384\" \/>\n\t<meta property=\"og:image:type\" content=\"image\/png\" \/>\n<meta name=\"twitter:card\" content=\"summary_large_image\" \/>\n<script type=\"application\/ld+json\" class=\"yoast-schema-graph\">{\"@context\":\"https:\/\/schema.org\",\"@graph\":[{\"@type\":\"WebPage\",\"@id\":\"https:\/\/additioapp.com\/fr\/plataforme-evaluation-pour-microsoft-teams\/\",\"url\":\"https:\/\/additioapp.com\/fr\/plataforme-evaluation-pour-microsoft-teams\/\",\"name\":\"Plateforme d'\u00e9valuation pour Microsoft Teams - Additio\",\"isPartOf\":{\"@id\":\"https:\/\/additioapp.com\/#website\"},\"datePublished\":\"2022-08-09T08:19:08+00:00\",\"dateModified\":\"2023-05-23T14:08:50+00:00\",\"description\":\"Additio est int\u00e9gr\u00e9 \u00e0 Microsoft Teams et OneDrive. Synchronisez vos listes, notes, groupes et \u00e9tudiants.\",\"breadcrumb\":{\"@id\":\"https:\/\/additioapp.com\/fr\/plataforme-evaluation-pour-microsoft-teams\/#breadcrumb\"},\"inLanguage\":\"fr-FR\",\"potentialAction\":[{\"@type\":\"ReadAction\",\"target\":[\"https:\/\/additioapp.com\/fr\/plataforme-evaluation-pour-microsoft-teams\/\"]}]},{\"@type\":\"BreadcrumbList\",\"@id\":\"https:\/\/additioapp.com\/fr\/plataforme-evaluation-pour-microsoft-teams\/#breadcrumb\",\"itemListElement\":[{\"@type\":\"ListItem\",\"position\":1,\"name\":\"Portada\",\"item\":\"https:\/\/additioapp.com\/fr\/\"},{\"@type\":\"ListItem\",\"position\":2,\"name\":\"Plateforme d&#8217;\u00e9valuation pour Microsoft Teams\"}]},{\"@type\":\"WebSite\",\"@id\":\"https:\/\/additioapp.com\/#website\",\"url\":\"https:\/\/additioapp.com\/\",\"name\":\"Additio\",\"description\":\"Plateforme de gestion scolaire de nouvelle g\u00e9n\u00e9ration\",\"publisher\":{\"@id\":\"https:\/\/additioapp.com\/#organization\"},\"potentialAction\":[{\"@type\":\"SearchAction\",\"target\":{\"@type\":\"EntryPoint\",\"urlTemplate\":\"https:\/\/additioapp.com\/?s={search_term_string}\"},\"query-input\":{\"@type\":\"PropertyValueSpecification\",\"valueRequired\":true,\"valueName\":\"search_term_string\"}}],\"inLanguage\":\"fr-FR\"},{\"@type\":\"Organization\",\"@id\":\"https:\/\/additioapp.com\/#organization\",\"name\":\"Additio\",\"url\":\"https:\/\/additioapp.com\/\",\"logo\":{\"@type\":\"ImageObject\",\"inLanguage\":\"fr-FR\",\"@id\":\"https:\/\/additioapp.com\/#\/schema\/logo\/image\/\",\"url\":\"https:\/\/additioapp.com\/wp-content\/uploads\/2026\/03\/logo-web-by-seven.svg\",\"contentUrl\":\"https:\/\/additioapp.com\/wp-content\/uploads\/2026\/03\/logo-web-by-seven.svg\",\"width\":1570,\"height\":299,\"caption\":\"Additio\"},\"image\":{\"@id\":\"https:\/\/additioapp.com\/#\/schema\/logo\/image\/\"}}]}<\/script>\n<!-- \/ Yoast SEO plugin. -->","yoast_head_json":{"title":"Plateforme d'\u00e9valuation pour Microsoft Teams - Additio","description":"Additio est int\u00e9gr\u00e9 \u00e0 Microsoft Teams et OneDrive. Synchronisez vos listes, notes, groupes et \u00e9tudiants.","robots":{"index":"index","follow":"follow","max-snippet":"max-snippet:-1","max-image-preview":"max-image-preview:large","max-video-preview":"max-video-preview:-1"},"canonical":"https:\/\/additioapp.com\/fr\/plataforme-evaluation-pour-microsoft-teams\/","og_locale":"fr_FR","og_type":"article","og_title":"Plateforme d'\u00e9valuation pour Microsoft Teams - Additio","og_description":"Additio est int\u00e9gr\u00e9 \u00e0 Microsoft Teams et OneDrive. Synchronisez vos listes, notes, groupes et \u00e9tudiants.","og_url":"https:\/\/additioapp.com\/fr\/plataforme-evaluation-pour-microsoft-teams\/","og_site_name":"Additio","article_modified_time":"2023-05-23T14:08:50+00:00","og_image":[{"width":768,"height":384,"url":"https:\/\/additioapp.com\/wp-content\/uploads\/2023\/05\/logo-xarxes.png","type":"image\/png"}],"twitter_card":"summary_large_image","schema":{"@context":"https:\/\/schema.org","@graph":[{"@type":"WebPage","@id":"https:\/\/additioapp.com\/fr\/plataforme-evaluation-pour-microsoft-teams\/","url":"https:\/\/additioapp.com\/fr\/plataforme-evaluation-pour-microsoft-teams\/","name":"Plateforme d'\u00e9valuation pour Microsoft Teams - Additio","isPartOf":{"@id":"https:\/\/additioapp.com\/#website"},"datePublished":"2022-08-09T08:19:08+00:00","dateModified":"2023-05-23T14:08:50+00:00","description":"Additio est int\u00e9gr\u00e9 \u00e0 Microsoft Teams et OneDrive. Synchronisez vos listes, notes, groupes et \u00e9tudiants.","breadcrumb":{"@id":"https:\/\/additioapp.com\/fr\/plataforme-evaluation-pour-microsoft-teams\/#breadcrumb"},"inLanguage":"fr-FR","potentialAction":[{"@type":"ReadAction","target":["https:\/\/additioapp.com\/fr\/plataforme-evaluation-pour-microsoft-teams\/"]}]},{"@type":"BreadcrumbList","@id":"https:\/\/additioapp.com\/fr\/plataforme-evaluation-pour-microsoft-teams\/#breadcrumb","itemListElement":[{"@type":"ListItem","position":1,"name":"Portada","item":"https:\/\/additioapp.com\/fr\/"},{"@type":"ListItem","position":2,"name":"Plateforme d&#8217;\u00e9valuation pour Microsoft Teams"}]},{"@type":"WebSite","@id":"https:\/\/additioapp.com\/#website","url":"https:\/\/additioapp.com\/","name":"Additio","description":"Plateforme de gestion scolaire de nouvelle g\u00e9n\u00e9ration","publisher":{"@id":"https:\/\/additioapp.com\/#organization"},"potentialAction":[{"@type":"SearchAction","target":{"@type":"EntryPoint","urlTemplate":"https:\/\/additioapp.com\/?s={search_term_string}"},"query-input":{"@type":"PropertyValueSpecification","valueRequired":true,"valueName":"search_term_string"}}],"inLanguage":"fr-FR"},{"@type":"Organization","@id":"https:\/\/additioapp.com\/#organization","name":"Additio","url":"https:\/\/additioapp.com\/","logo":{"@type":"ImageObject","inLanguage":"fr-FR","@id":"https:\/\/additioapp.com\/#\/schema\/logo\/image\/","url":"https:\/\/additioapp.com\/wp-content\/uploads\/2026\/03\/logo-web-by-seven.svg","contentUrl":"https:\/\/additioapp.com\/wp-content\/uploads\/2026\/03\/logo-web-by-seven.svg","width":1570,"height":299,"caption":"Additio"},"image":{"@id":"https:\/\/additioapp.com\/#\/schema\/logo\/image\/"}}]}},"_links":{"self":[{"href":"https:\/\/additioapp.com\/fr\/wp-json\/wp\/v2\/pages\/19819","targetHints":{"allow":["GET"]}}],"collection":[{"href":"https:\/\/additioapp.com\/fr\/wp-json\/wp\/v2\/pages"}],"about":[{"href":"https:\/\/additioapp.com\/fr\/wp-json\/wp\/v2\/types\/page"}],"author":[{"embeddable":true,"href":"https:\/\/additioapp.com\/fr\/wp-json\/wp\/v2\/users\/2"}],"replies":[{"embeddable":true,"href":"https:\/\/additioapp.com\/fr\/wp-json\/wp\/v2\/comments?post=19819"}],"version-history":[{"count":3,"href":"https:\/\/additioapp.com\/fr\/wp-json\/wp\/v2\/pages\/19819\/revisions"}],"predecessor-version":[{"id":25448,"href":"https:\/\/additioapp.com\/fr\/wp-json\/wp\/v2\/pages\/19819\/revisions\/25448"}],"wp:attachment":[{"href":"https:\/\/additioapp.com\/fr\/wp-json\/wp\/v2\/media?parent=19819"}],"curies":[{"name":"wp","href":"https:\/\/api.w.org\/{rel}","templated":true}]}}