{"id":19747,"date":"2022-08-02T12:18:10","date_gmt":"2022-08-02T12:18:10","guid":{"rendered":"https:\/\/additioapp.com\/contacto\/"},"modified":"2025-10-09T14:09:38","modified_gmt":"2025-10-09T14:09:38","slug":"contact","status":"publish","type":"page","link":"https:\/\/additioapp.com\/fr\/contact\/","title":{"rendered":"Contact"},"content":{"rendered":"","protected":false},"excerpt":{"rendered":"","protected":false},"author":2,"featured_media":0,"parent":0,"menu_order":0,"comment_status":"closed","ping_status":"closed","template":"","meta":{"_acf_changed":false,"inline_featured_image":false,"footnotes":""},"class_list":["post-19747","page","type-page","status-publish","hentry"],"acf":[],"yoast_head":"<!-- This site is optimized with the Yoast SEO plugin v26.1.1 - https:\/\/yoast.com\/wordpress\/plugins\/seo\/ -->\n<title>Contact - Additio<\/title>\n<meta name=\"description\" content=\"Nous vous aidons \u00e0 r\u00e9soudre tous vos doutes sur Additio. \u00c9crivez-nous! Nous serons heureux de pouvoir vous aider.\" \/>\n<meta name=\"robots\" content=\"index, follow, max-snippet:-1, max-image-preview:large, max-video-preview:-1\" \/>\n<link rel=\"canonical\" href=\"https:\/\/additioapp.com\/fr\/contact\/\" \/>\n<meta property=\"og:locale\" content=\"fr_FR\" \/>\n<meta property=\"og:type\" content=\"article\" \/>\n<meta property=\"og:title\" content=\"Contact - Additio\" \/>\n<meta property=\"og:description\" content=\"Nous vous aidons \u00e0 r\u00e9soudre tous vos doutes sur Additio. \u00c9crivez-nous! Nous serons heureux de pouvoir vous aider.\" \/>\n<meta property=\"og:url\" content=\"https:\/\/additioapp.com\/fr\/contact\/\" \/>\n<meta property=\"og:site_name\" content=\"Additio\" \/>\n<meta property=\"article:modified_time\" content=\"2025-10-09T14:09:38+00:00\" \/>\n<meta property=\"og:image\" content=\"https:\/\/additioapp.com\/wp-content\/uploads\/2023\/05\/logo-xarxes.png\" \/>\n\t<meta property=\"og:image:width\" content=\"768\" \/>\n\t<meta property=\"og:image:height\" content=\"384\" \/>\n\t<meta property=\"og:image:type\" content=\"image\/png\" \/>\n<meta name=\"twitter:card\" content=\"summary_large_image\" \/>\n<meta name=\"twitter:label1\" content=\"Dur\u00e9e de lecture estim\u00e9e\" \/>\n\t<meta name=\"twitter:data1\" content=\"2 minutes\" \/>\n<script type=\"application\/ld+json\" class=\"yoast-schema-graph\">{\"@context\":\"https:\/\/schema.org\",\"@graph\":[{\"@type\":\"WebPage\",\"@id\":\"https:\/\/additioapp.com\/fr\/contact\/\",\"url\":\"https:\/\/additioapp.com\/fr\/contact\/\",\"name\":\"Contact - Additio\",\"isPartOf\":{\"@id\":\"https:\/\/additioapp.com\/#website\"},\"datePublished\":\"2022-08-02T12:18:10+00:00\",\"dateModified\":\"2025-10-09T14:09:38+00:00\",\"description\":\"Nous vous aidons \u00e0 r\u00e9soudre tous vos doutes sur Additio. \u00c9crivez-nous! Nous serons heureux de pouvoir vous aider.\",\"breadcrumb\":{\"@id\":\"https:\/\/additioapp.com\/fr\/contact\/#breadcrumb\"},\"inLanguage\":\"fr-FR\",\"potentialAction\":[{\"@type\":\"ReadAction\",\"target\":[\"https:\/\/additioapp.com\/fr\/contact\/\"]}]},{\"@type\":\"BreadcrumbList\",\"@id\":\"https:\/\/additioapp.com\/fr\/contact\/#breadcrumb\",\"itemListElement\":[{\"@type\":\"ListItem\",\"position\":1,\"name\":\"Portada\",\"item\":\"https:\/\/additioapp.com\/fr\/\"},{\"@type\":\"ListItem\",\"position\":2,\"name\":\"Contact\"}]},{\"@type\":\"WebSite\",\"@id\":\"https:\/\/additioapp.com\/#website\",\"url\":\"https:\/\/additioapp.com\/\",\"name\":\"Additio\",\"description\":\"Plateforme de gestion scolaire de nouvelle g\u00e9n\u00e9ration\",\"publisher\":{\"@id\":\"https:\/\/additioapp.com\/#organization\"},\"potentialAction\":[{\"@type\":\"SearchAction\",\"target\":{\"@type\":\"EntryPoint\",\"urlTemplate\":\"https:\/\/additioapp.com\/?s={search_term_string}\"},\"query-input\":{\"@type\":\"PropertyValueSpecification\",\"valueRequired\":true,\"valueName\":\"search_term_string\"}}],\"inLanguage\":\"fr-FR\"},{\"@type\":\"Organization\",\"@id\":\"https:\/\/additioapp.com\/#organization\",\"name\":\"Additio\",\"url\":\"https:\/\/additioapp.com\/\",\"logo\":{\"@type\":\"ImageObject\",\"inLanguage\":\"fr-FR\",\"@id\":\"https:\/\/additioapp.com\/#\/schema\/logo\/image\/\",\"url\":\"https:\/\/additioapp.com\/wp-content\/uploads\/2026\/03\/logo-web-by-seven.svg\",\"contentUrl\":\"https:\/\/additioapp.com\/wp-content\/uploads\/2026\/03\/logo-web-by-seven.svg\",\"width\":1570,\"height\":299,\"caption\":\"Additio\"},\"image\":{\"@id\":\"https:\/\/additioapp.com\/#\/schema\/logo\/image\/\"}}]}<\/script>\n<!-- \/ Yoast SEO plugin. -->","yoast_head_json":{"title":"Contact - Additio","description":"Nous vous aidons \u00e0 r\u00e9soudre tous vos doutes sur Additio. \u00c9crivez-nous! Nous serons heureux de pouvoir vous aider.","robots":{"index":"index","follow":"follow","max-snippet":"max-snippet:-1","max-image-preview":"max-image-preview:large","max-video-preview":"max-video-preview:-1"},"canonical":"https:\/\/additioapp.com\/fr\/contact\/","og_locale":"fr_FR","og_type":"article","og_title":"Contact - Additio","og_description":"Nous vous aidons \u00e0 r\u00e9soudre tous vos doutes sur Additio. \u00c9crivez-nous! Nous serons heureux de pouvoir vous aider.","og_url":"https:\/\/additioapp.com\/fr\/contact\/","og_site_name":"Additio","article_modified_time":"2025-10-09T14:09:38+00:00","og_image":[{"width":768,"height":384,"url":"https:\/\/additioapp.com\/wp-content\/uploads\/2023\/05\/logo-xarxes.png","type":"image\/png"}],"twitter_card":"summary_large_image","twitter_misc":{"Dur\u00e9e de lecture estim\u00e9e":"2 minutes"},"schema":{"@context":"https:\/\/schema.org","@graph":[{"@type":"WebPage","@id":"https:\/\/additioapp.com\/fr\/contact\/","url":"https:\/\/additioapp.com\/fr\/contact\/","name":"Contact - Additio","isPartOf":{"@id":"https:\/\/additioapp.com\/#website"},"datePublished":"2022-08-02T12:18:10+00:00","dateModified":"2025-10-09T14:09:38+00:00","description":"Nous vous aidons \u00e0 r\u00e9soudre tous vos doutes sur Additio. \u00c9crivez-nous! Nous serons heureux de pouvoir vous aider.","breadcrumb":{"@id":"https:\/\/additioapp.com\/fr\/contact\/#breadcrumb"},"inLanguage":"fr-FR","potentialAction":[{"@type":"ReadAction","target":["https:\/\/additioapp.com\/fr\/contact\/"]}]},{"@type":"BreadcrumbList","@id":"https:\/\/additioapp.com\/fr\/contact\/#breadcrumb","itemListElement":[{"@type":"ListItem","position":1,"name":"Portada","item":"https:\/\/additioapp.com\/fr\/"},{"@type":"ListItem","position":2,"name":"Contact"}]},{"@type":"WebSite","@id":"https:\/\/additioapp.com\/#website","url":"https:\/\/additioapp.com\/","name":"Additio","description":"Plateforme de gestion scolaire de nouvelle g\u00e9n\u00e9ration","publisher":{"@id":"https:\/\/additioapp.com\/#organization"},"potentialAction":[{"@type":"SearchAction","target":{"@type":"EntryPoint","urlTemplate":"https:\/\/additioapp.com\/?s={search_term_string}"},"query-input":{"@type":"PropertyValueSpecification","valueRequired":true,"valueName":"search_term_string"}}],"inLanguage":"fr-FR"},{"@type":"Organization","@id":"https:\/\/additioapp.com\/#organization","name":"Additio","url":"https:\/\/additioapp.com\/","logo":{"@type":"ImageObject","inLanguage":"fr-FR","@id":"https:\/\/additioapp.com\/#\/schema\/logo\/image\/","url":"https:\/\/additioapp.com\/wp-content\/uploads\/2026\/03\/logo-web-by-seven.svg","contentUrl":"https:\/\/additioapp.com\/wp-content\/uploads\/2026\/03\/logo-web-by-seven.svg","width":1570,"height":299,"caption":"Additio"},"image":{"@id":"https:\/\/additioapp.com\/#\/schema\/logo\/image\/"}}]}},"_links":{"self":[{"href":"https:\/\/additioapp.com\/fr\/wp-json\/wp\/v2\/pages\/19747","targetHints":{"allow":["GET"]}}],"collection":[{"href":"https:\/\/additioapp.com\/fr\/wp-json\/wp\/v2\/pages"}],"about":[{"href":"https:\/\/additioapp.com\/fr\/wp-json\/wp\/v2\/types\/page"}],"author":[{"embeddable":true,"href":"https:\/\/additioapp.com\/fr\/wp-json\/wp\/v2\/users\/2"}],"replies":[{"embeddable":true,"href":"https:\/\/additioapp.com\/fr\/wp-json\/wp\/v2\/comments?post=19747"}],"version-history":[{"count":13,"href":"https:\/\/additioapp.com\/fr\/wp-json\/wp\/v2\/pages\/19747\/revisions"}],"predecessor-version":[{"id":33349,"href":"https:\/\/additioapp.com\/fr\/wp-json\/wp\/v2\/pages\/19747\/revisions\/33349"}],"wp:attachment":[{"href":"https:\/\/additioapp.com\/fr\/wp-json\/wp\/v2\/media?parent=19747"}],"curies":[{"name":"wp","href":"https:\/\/api.w.org\/{rel}","templated":true}]}}