{"id":31354,"date":"2022-07-11T12:44:14","date_gmt":"2022-07-11T12:44:14","guid":{"rendered":"https:\/\/additioapp.com\/schools\/"},"modified":"2026-01-27T09:07:13","modified_gmt":"2026-01-27T09:07:13","slug":"schulen","status":"publish","type":"page","link":"https:\/\/additioapp.com\/de\/schulen\/","title":{"rendered":"Schulen"},"content":{"rendered":"","protected":false},"excerpt":{"rendered":"","protected":false},"author":1,"featured_media":0,"parent":0,"menu_order":0,"comment_status":"closed","ping_status":"closed","template":"","meta":{"_acf_changed":false,"inline_featured_image":false,"footnotes":""},"class_list":["post-31354","page","type-page","status-publish","hentry"],"acf":[],"yoast_head":"<!-- This site is optimized with the Yoast SEO plugin v26.1.1 - https:\/\/yoast.com\/wordpress\/plugins\/seo\/ -->\n<title>Akademisches Management f\u00fcr \u00f6ffentliche Schulen - Additio App<\/title>\n<meta name=\"description\" content=\"Additio for Schools ist die Plattform f\u00fcr formative Bewertung und akademisches Management f\u00fcr \u00f6ffentliche Schulen und Bildungseinrichtungen.\" \/>\n<meta name=\"robots\" content=\"index, follow, max-snippet:-1, max-image-preview:large, max-video-preview:-1\" \/>\n<link rel=\"canonical\" href=\"https:\/\/additioapp.com\/de\/schulen\/\" \/>\n<meta property=\"og:locale\" content=\"de_DE\" \/>\n<meta property=\"og:type\" content=\"article\" \/>\n<meta property=\"og:title\" content=\"Akademisches Management f\u00fcr \u00f6ffentliche Schulen - Additio App\" \/>\n<meta property=\"og:description\" content=\"Additio for Schools ist die Plattform f\u00fcr formative Bewertung und akademisches Management f\u00fcr \u00f6ffentliche Schulen und Bildungseinrichtungen.\" \/>\n<meta property=\"og:url\" content=\"https:\/\/additioapp.com\/de\/schulen\/\" \/>\n<meta property=\"og:site_name\" content=\"Additio App\" \/>\n<meta property=\"article:modified_time\" content=\"2026-01-27T09:07:13+00:00\" \/>\n<meta property=\"og:image\" content=\"https:\/\/additioapp.com\/wp-content\/uploads\/2023\/05\/logo-xarxes.png\" \/>\n\t<meta property=\"og:image:width\" content=\"768\" \/>\n\t<meta property=\"og:image:height\" content=\"384\" \/>\n\t<meta property=\"og:image:type\" content=\"image\/png\" \/>\n<meta name=\"twitter:card\" content=\"summary_large_image\" \/>\n<meta name=\"twitter:label1\" content=\"Gesch\u00e4tzte Lesezeit\" \/>\n\t<meta name=\"twitter:data1\" content=\"8\u00a0Minuten\" \/>\n<script type=\"application\/ld+json\" class=\"yoast-schema-graph\">{\"@context\":\"https:\/\/schema.org\",\"@graph\":[{\"@type\":\"WebPage\",\"@id\":\"https:\/\/additioapp.com\/de\/schulen\/\",\"url\":\"https:\/\/additioapp.com\/de\/schulen\/\",\"name\":\"Akademisches Management f\u00fcr \u00f6ffentliche Schulen - Additio App\",\"isPartOf\":{\"@id\":\"https:\/\/additioapp.com\/#website\"},\"datePublished\":\"2022-07-11T12:44:14+00:00\",\"dateModified\":\"2026-01-27T09:07:13+00:00\",\"description\":\"Additio for Schools ist die Plattform f\u00fcr formative Bewertung und akademisches Management f\u00fcr \u00f6ffentliche Schulen und Bildungseinrichtungen.\",\"breadcrumb\":{\"@id\":\"https:\/\/additioapp.com\/de\/schulen\/#breadcrumb\"},\"inLanguage\":\"de\",\"potentialAction\":[{\"@type\":\"ReadAction\",\"target\":[\"https:\/\/additioapp.com\/de\/schulen\/\"]}]},{\"@type\":\"BreadcrumbList\",\"@id\":\"https:\/\/additioapp.com\/de\/schulen\/#breadcrumb\",\"itemListElement\":[{\"@type\":\"ListItem\",\"position\":1,\"name\":\"Portada\",\"item\":\"https:\/\/additioapp.com\/de\/\"},{\"@type\":\"ListItem\",\"position\":2,\"name\":\"Schulen\"}]},{\"@type\":\"WebSite\",\"@id\":\"https:\/\/additioapp.com\/#website\",\"url\":\"https:\/\/additioapp.com\/\",\"name\":\"Additio App\",\"description\":\"Plataforma de evaluaci\u00f3n formativa y gesti\u00f3n diaria del aula.\",\"publisher\":{\"@id\":\"https:\/\/additioapp.com\/#organization\"},\"potentialAction\":[{\"@type\":\"SearchAction\",\"target\":{\"@type\":\"EntryPoint\",\"urlTemplate\":\"https:\/\/additioapp.com\/?s={search_term_string}\"},\"query-input\":{\"@type\":\"PropertyValueSpecification\",\"valueRequired\":true,\"valueName\":\"search_term_string\"}}],\"inLanguage\":\"de\"},{\"@type\":\"Organization\",\"@id\":\"https:\/\/additioapp.com\/#organization\",\"name\":\"Additio App\",\"url\":\"https:\/\/additioapp.com\/\",\"logo\":{\"@type\":\"ImageObject\",\"inLanguage\":\"de\",\"@id\":\"https:\/\/additioapp.com\/#\/schema\/logo\/image\/\",\"url\":\"https:\/\/additioapp.com\/wp-content\/uploads\/2026\/03\/logo-web-by-seven.svg\",\"contentUrl\":\"https:\/\/additioapp.com\/wp-content\/uploads\/2026\/03\/logo-web-by-seven.svg\",\"caption\":\"Additio App\"},\"image\":{\"@id\":\"https:\/\/additioapp.com\/#\/schema\/logo\/image\/\"}}]}<\/script>\n<!-- \/ Yoast SEO plugin. -->","yoast_head_json":{"title":"Akademisches Management f\u00fcr \u00f6ffentliche Schulen - Additio App","description":"Additio for Schools ist die Plattform f\u00fcr formative Bewertung und akademisches Management f\u00fcr \u00f6ffentliche Schulen und Bildungseinrichtungen.","robots":{"index":"index","follow":"follow","max-snippet":"max-snippet:-1","max-image-preview":"max-image-preview:large","max-video-preview":"max-video-preview:-1"},"canonical":"https:\/\/additioapp.com\/de\/schulen\/","og_locale":"de_DE","og_type":"article","og_title":"Akademisches Management f\u00fcr \u00f6ffentliche Schulen - Additio App","og_description":"Additio for Schools ist die Plattform f\u00fcr formative Bewertung und akademisches Management f\u00fcr \u00f6ffentliche Schulen und Bildungseinrichtungen.","og_url":"https:\/\/additioapp.com\/de\/schulen\/","og_site_name":"Additio App","article_modified_time":"2026-01-27T09:07:13+00:00","og_image":[{"width":768,"height":384,"url":"https:\/\/additioapp.com\/wp-content\/uploads\/2023\/05\/logo-xarxes.png","type":"image\/png"}],"twitter_card":"summary_large_image","twitter_misc":{"Gesch\u00e4tzte Lesezeit":"8\u00a0Minuten"},"schema":{"@context":"https:\/\/schema.org","@graph":[{"@type":"WebPage","@id":"https:\/\/additioapp.com\/de\/schulen\/","url":"https:\/\/additioapp.com\/de\/schulen\/","name":"Akademisches Management f\u00fcr \u00f6ffentliche Schulen - Additio App","isPartOf":{"@id":"https:\/\/additioapp.com\/#website"},"datePublished":"2022-07-11T12:44:14+00:00","dateModified":"2026-01-27T09:07:13+00:00","description":"Additio for Schools ist die Plattform f\u00fcr formative Bewertung und akademisches Management f\u00fcr \u00f6ffentliche Schulen und Bildungseinrichtungen.","breadcrumb":{"@id":"https:\/\/additioapp.com\/de\/schulen\/#breadcrumb"},"inLanguage":"de","potentialAction":[{"@type":"ReadAction","target":["https:\/\/additioapp.com\/de\/schulen\/"]}]},{"@type":"BreadcrumbList","@id":"https:\/\/additioapp.com\/de\/schulen\/#breadcrumb","itemListElement":[{"@type":"ListItem","position":1,"name":"Portada","item":"https:\/\/additioapp.com\/de\/"},{"@type":"ListItem","position":2,"name":"Schulen"}]},{"@type":"WebSite","@id":"https:\/\/additioapp.com\/#website","url":"https:\/\/additioapp.com\/","name":"Additio App","description":"Plataforma de evaluaci\u00f3n formativa y gesti\u00f3n diaria del aula.","publisher":{"@id":"https:\/\/additioapp.com\/#organization"},"potentialAction":[{"@type":"SearchAction","target":{"@type":"EntryPoint","urlTemplate":"https:\/\/additioapp.com\/?s={search_term_string}"},"query-input":{"@type":"PropertyValueSpecification","valueRequired":true,"valueName":"search_term_string"}}],"inLanguage":"de"},{"@type":"Organization","@id":"https:\/\/additioapp.com\/#organization","name":"Additio App","url":"https:\/\/additioapp.com\/","logo":{"@type":"ImageObject","inLanguage":"de","@id":"https:\/\/additioapp.com\/#\/schema\/logo\/image\/","url":"https:\/\/additioapp.com\/wp-content\/uploads\/2026\/03\/logo-web-by-seven.svg","contentUrl":"https:\/\/additioapp.com\/wp-content\/uploads\/2026\/03\/logo-web-by-seven.svg","caption":"Additio App"},"image":{"@id":"https:\/\/additioapp.com\/#\/schema\/logo\/image\/"}}]}},"_links":{"self":[{"href":"https:\/\/additioapp.com\/de\/wp-json\/wp\/v2\/pages\/31354","targetHints":{"allow":["GET"]}}],"collection":[{"href":"https:\/\/additioapp.com\/de\/wp-json\/wp\/v2\/pages"}],"about":[{"href":"https:\/\/additioapp.com\/de\/wp-json\/wp\/v2\/types\/page"}],"author":[{"embeddable":true,"href":"https:\/\/additioapp.com\/de\/wp-json\/wp\/v2\/users\/1"}],"replies":[{"embeddable":true,"href":"https:\/\/additioapp.com\/de\/wp-json\/wp\/v2\/comments?post=31354"}],"version-history":[{"count":33,"href":"https:\/\/additioapp.com\/de\/wp-json\/wp\/v2\/pages\/31354\/revisions"}],"predecessor-version":[{"id":34330,"href":"https:\/\/additioapp.com\/de\/wp-json\/wp\/v2\/pages\/31354\/revisions\/34330"}],"wp:attachment":[{"href":"https:\/\/additioapp.com\/de\/wp-json\/wp\/v2\/media?parent=31354"}],"curies":[{"name":"wp","href":"https:\/\/api.w.org\/{rel}","templated":true}]}}