{"id":31126,"date":"2022-08-02T12:51:15","date_gmt":"2022-08-02T12:51:15","guid":{"rendered":"https:\/\/additioapp.com\/digital-gradebook\/"},"modified":"2025-04-10T10:06:06","modified_gmt":"2025-04-10T10:06:06","slug":"digitales-notenbuch","status":"publish","type":"page","link":"https:\/\/additioapp.com\/de\/digitales-notenbuch\/","title":{"rendered":"Digitales Notenbuch"},"content":{"rendered":"","protected":false},"excerpt":{"rendered":"","protected":false},"author":1,"featured_media":0,"parent":0,"menu_order":0,"comment_status":"closed","ping_status":"closed","template":"","meta":{"_acf_changed":false,"inline_featured_image":false,"footnotes":""},"class_list":["post-31126","page","type-page","status-publish","hentry"],"acf":[],"yoast_head":"<!-- This site is optimized with the Yoast SEO plugin v26.1.1 - https:\/\/yoast.com\/wordpress\/plugins\/seo\/ -->\n<title>Digitales Notenbuch f\u00fcr Lehrkr\u00e4fte - Additio App<\/title>\n<meta name=\"description\" content=\"Bewerten und planen Sie Ihren Unterricht mit dem digitalen Notenbuch. Rubriken, F\u00e4higkeiten, Berichte und mehr f\u00fcr Lehrkr\u00e4fte.\" \/>\n<meta name=\"robots\" content=\"index, follow, max-snippet:-1, max-image-preview:large, max-video-preview:-1\" \/>\n<link rel=\"canonical\" href=\"https:\/\/additioapp.com\/de\/digitales-notenbuch\/\" \/>\n<meta property=\"og:locale\" content=\"de_DE\" \/>\n<meta property=\"og:type\" content=\"article\" \/>\n<meta property=\"og:title\" content=\"Digitales Notenbuch f\u00fcr Lehrkr\u00e4fte - Additio App\" \/>\n<meta property=\"og:description\" content=\"Bewerten und planen Sie Ihren Unterricht mit dem digitalen Notenbuch. Rubriken, F\u00e4higkeiten, Berichte und mehr f\u00fcr Lehrkr\u00e4fte.\" \/>\n<meta property=\"og:url\" content=\"https:\/\/additioapp.com\/de\/digitales-notenbuch\/\" \/>\n<meta property=\"og:site_name\" content=\"Additio App\" \/>\n<meta property=\"article:modified_time\" content=\"2025-04-10T10:06:06+00:00\" \/>\n<meta property=\"og:image\" content=\"https:\/\/additioapp.com\/wp-content\/uploads\/2023\/05\/logo-xarxes.png\" \/>\n\t<meta property=\"og:image:width\" content=\"768\" \/>\n\t<meta property=\"og:image:height\" content=\"384\" \/>\n\t<meta property=\"og:image:type\" content=\"image\/png\" \/>\n<meta name=\"twitter:card\" content=\"summary_large_image\" \/>\n<meta name=\"twitter:label1\" content=\"Gesch\u00e4tzte Lesezeit\" \/>\n\t<meta name=\"twitter:data1\" content=\"5\u00a0Minuten\" \/>\n<script type=\"application\/ld+json\" class=\"yoast-schema-graph\">{\"@context\":\"https:\/\/schema.org\",\"@graph\":[{\"@type\":\"WebPage\",\"@id\":\"https:\/\/additioapp.com\/de\/digitales-notenbuch\/\",\"url\":\"https:\/\/additioapp.com\/de\/digitales-notenbuch\/\",\"name\":\"Digitales Notenbuch f\u00fcr Lehrkr\u00e4fte - Additio App\",\"isPartOf\":{\"@id\":\"https:\/\/additioapp.com\/#website\"},\"datePublished\":\"2022-08-02T12:51:15+00:00\",\"dateModified\":\"2025-04-10T10:06:06+00:00\",\"description\":\"Bewerten und planen Sie Ihren Unterricht mit dem digitalen Notenbuch. Rubriken, F\u00e4higkeiten, Berichte und mehr f\u00fcr Lehrkr\u00e4fte.\",\"breadcrumb\":{\"@id\":\"https:\/\/additioapp.com\/de\/digitales-notenbuch\/#breadcrumb\"},\"inLanguage\":\"de\",\"potentialAction\":[{\"@type\":\"ReadAction\",\"target\":[\"https:\/\/additioapp.com\/de\/digitales-notenbuch\/\"]}]},{\"@type\":\"BreadcrumbList\",\"@id\":\"https:\/\/additioapp.com\/de\/digitales-notenbuch\/#breadcrumb\",\"itemListElement\":[{\"@type\":\"ListItem\",\"position\":1,\"name\":\"Portada\",\"item\":\"https:\/\/additioapp.com\/de\/\"},{\"@type\":\"ListItem\",\"position\":2,\"name\":\"Digitales Notenbuch\"}]},{\"@type\":\"WebSite\",\"@id\":\"https:\/\/additioapp.com\/#website\",\"url\":\"https:\/\/additioapp.com\/\",\"name\":\"Additio App\",\"description\":\"Plataforma de gesti\u00f3n escolar de nueva generaci\u00f3n\",\"publisher\":{\"@id\":\"https:\/\/additioapp.com\/#organization\"},\"potentialAction\":[{\"@type\":\"SearchAction\",\"target\":{\"@type\":\"EntryPoint\",\"urlTemplate\":\"https:\/\/additioapp.com\/?s={search_term_string}\"},\"query-input\":{\"@type\":\"PropertyValueSpecification\",\"valueRequired\":true,\"valueName\":\"search_term_string\"}}],\"inLanguage\":\"de\"},{\"@type\":\"Organization\",\"@id\":\"https:\/\/additioapp.com\/#organization\",\"name\":\"Additio App\",\"url\":\"https:\/\/additioapp.com\/\",\"logo\":{\"@type\":\"ImageObject\",\"inLanguage\":\"de\",\"@id\":\"https:\/\/additioapp.com\/#\/schema\/logo\/image\/\",\"url\":\"https:\/\/additioapp.com\/wp-content\/uploads\/2026\/03\/logo-web-by-seven.svg\",\"contentUrl\":\"https:\/\/additioapp.com\/wp-content\/uploads\/2026\/03\/logo-web-by-seven.svg\",\"caption\":\"Additio App\"},\"image\":{\"@id\":\"https:\/\/additioapp.com\/#\/schema\/logo\/image\/\"}}]}<\/script>\n<!-- \/ Yoast SEO plugin. -->","yoast_head_json":{"title":"Digitales Notenbuch f\u00fcr Lehrkr\u00e4fte - Additio App","description":"Bewerten und planen Sie Ihren Unterricht mit dem digitalen Notenbuch. Rubriken, F\u00e4higkeiten, Berichte und mehr f\u00fcr Lehrkr\u00e4fte.","robots":{"index":"index","follow":"follow","max-snippet":"max-snippet:-1","max-image-preview":"max-image-preview:large","max-video-preview":"max-video-preview:-1"},"canonical":"https:\/\/additioapp.com\/de\/digitales-notenbuch\/","og_locale":"de_DE","og_type":"article","og_title":"Digitales Notenbuch f\u00fcr Lehrkr\u00e4fte - Additio App","og_description":"Bewerten und planen Sie Ihren Unterricht mit dem digitalen Notenbuch. Rubriken, F\u00e4higkeiten, Berichte und mehr f\u00fcr Lehrkr\u00e4fte.","og_url":"https:\/\/additioapp.com\/de\/digitales-notenbuch\/","og_site_name":"Additio App","article_modified_time":"2025-04-10T10:06:06+00:00","og_image":[{"width":768,"height":384,"url":"https:\/\/additioapp.com\/wp-content\/uploads\/2023\/05\/logo-xarxes.png","type":"image\/png"}],"twitter_card":"summary_large_image","twitter_misc":{"Gesch\u00e4tzte Lesezeit":"5\u00a0Minuten"},"schema":{"@context":"https:\/\/schema.org","@graph":[{"@type":"WebPage","@id":"https:\/\/additioapp.com\/de\/digitales-notenbuch\/","url":"https:\/\/additioapp.com\/de\/digitales-notenbuch\/","name":"Digitales Notenbuch f\u00fcr Lehrkr\u00e4fte - Additio App","isPartOf":{"@id":"https:\/\/additioapp.com\/#website"},"datePublished":"2022-08-02T12:51:15+00:00","dateModified":"2025-04-10T10:06:06+00:00","description":"Bewerten und planen Sie Ihren Unterricht mit dem digitalen Notenbuch. Rubriken, F\u00e4higkeiten, Berichte und mehr f\u00fcr Lehrkr\u00e4fte.","breadcrumb":{"@id":"https:\/\/additioapp.com\/de\/digitales-notenbuch\/#breadcrumb"},"inLanguage":"de","potentialAction":[{"@type":"ReadAction","target":["https:\/\/additioapp.com\/de\/digitales-notenbuch\/"]}]},{"@type":"BreadcrumbList","@id":"https:\/\/additioapp.com\/de\/digitales-notenbuch\/#breadcrumb","itemListElement":[{"@type":"ListItem","position":1,"name":"Portada","item":"https:\/\/additioapp.com\/de\/"},{"@type":"ListItem","position":2,"name":"Digitales Notenbuch"}]},{"@type":"WebSite","@id":"https:\/\/additioapp.com\/#website","url":"https:\/\/additioapp.com\/","name":"Additio App","description":"Plataforma de gesti\u00f3n escolar de nueva generaci\u00f3n","publisher":{"@id":"https:\/\/additioapp.com\/#organization"},"potentialAction":[{"@type":"SearchAction","target":{"@type":"EntryPoint","urlTemplate":"https:\/\/additioapp.com\/?s={search_term_string}"},"query-input":{"@type":"PropertyValueSpecification","valueRequired":true,"valueName":"search_term_string"}}],"inLanguage":"de"},{"@type":"Organization","@id":"https:\/\/additioapp.com\/#organization","name":"Additio App","url":"https:\/\/additioapp.com\/","logo":{"@type":"ImageObject","inLanguage":"de","@id":"https:\/\/additioapp.com\/#\/schema\/logo\/image\/","url":"https:\/\/additioapp.com\/wp-content\/uploads\/2026\/03\/logo-web-by-seven.svg","contentUrl":"https:\/\/additioapp.com\/wp-content\/uploads\/2026\/03\/logo-web-by-seven.svg","caption":"Additio App"},"image":{"@id":"https:\/\/additioapp.com\/#\/schema\/logo\/image\/"}}]}},"_links":{"self":[{"href":"https:\/\/additioapp.com\/de\/wp-json\/wp\/v2\/pages\/31126","targetHints":{"allow":["GET"]}}],"collection":[{"href":"https:\/\/additioapp.com\/de\/wp-json\/wp\/v2\/pages"}],"about":[{"href":"https:\/\/additioapp.com\/de\/wp-json\/wp\/v2\/types\/page"}],"author":[{"embeddable":true,"href":"https:\/\/additioapp.com\/de\/wp-json\/wp\/v2\/users\/1"}],"replies":[{"embeddable":true,"href":"https:\/\/additioapp.com\/de\/wp-json\/wp\/v2\/comments?post=31126"}],"version-history":[{"count":14,"href":"https:\/\/additioapp.com\/de\/wp-json\/wp\/v2\/pages\/31126\/revisions"}],"predecessor-version":[{"id":32091,"href":"https:\/\/additioapp.com\/de\/wp-json\/wp\/v2\/pages\/31126\/revisions\/32091"}],"wp:attachment":[{"href":"https:\/\/additioapp.com\/de\/wp-json\/wp\/v2\/media?parent=31126"}],"curies":[{"name":"wp","href":"https:\/\/api.w.org\/{rel}","templated":true}]}}