{"id":32771,"date":"2025-07-23T06:06:52","date_gmt":"2025-07-23T06:06:52","guid":{"rendered":"https:\/\/additioapp.com\/?page_id=32771"},"modified":"2025-07-30T09:21:41","modified_gmt":"2025-07-30T09:21:41","slug":"aconsegueix-el-teu-ebook-gratuit","status":"publish","type":"page","link":"https:\/\/additioapp.com\/ca\/aconsegueix-el-teu-ebook-gratuit\/","title":{"rendered":"Aconsegueix el teu ebook gratu\u00eft!"},"content":{"rendered":"","protected":false},"excerpt":{"rendered":"","protected":false},"author":7,"featured_media":32756,"parent":0,"menu_order":0,"comment_status":"closed","ping_status":"closed","template":"","meta":{"_acf_changed":false,"inline_featured_image":false,"footnotes":""},"class_list":["post-32771","page","type-page","status-publish","has-post-thumbnail","hentry"],"acf":[],"yoast_head":"<!-- This site is optimized with the Yoast SEO plugin v26.1.1 - https:\/\/yoast.com\/wordpress\/plugins\/seo\/ -->\n<title>Aconsegueix el teu ebook gratu\u00eft! - Additio App<\/title>\n<meta name=\"description\" content=\"La tornada a l\u2019escola ser\u00e0 m\u00e9s f\u00e0cil amb l\u2019ebook gratu\u00eft \u201cGu\u00eda r\u00e1pida para empezar con Additio App\u201d. Aconsegueix-lo ara!\" \/>\n<meta name=\"robots\" content=\"index, follow, max-snippet:-1, max-image-preview:large, max-video-preview:-1\" \/>\n<link rel=\"canonical\" href=\"https:\/\/additioapp.com\/ca\/aconsegueix-el-teu-ebook-gratuit\/\" \/>\n<meta property=\"og:locale\" content=\"ca_ES\" \/>\n<meta property=\"og:type\" content=\"article\" \/>\n<meta property=\"og:title\" content=\"Aconsegueix el teu ebook gratu\u00eft! - Additio App\" \/>\n<meta property=\"og:description\" content=\"La tornada a l\u2019escola ser\u00e0 m\u00e9s f\u00e0cil amb l\u2019ebook gratu\u00eft \u201cGu\u00eda r\u00e1pida para empezar con Additio App\u201d. Aconsegueix-lo ara!\" \/>\n<meta property=\"og:url\" content=\"https:\/\/additioapp.com\/ca\/aconsegueix-el-teu-ebook-gratuit\/\" \/>\n<meta property=\"og:site_name\" content=\"Additio App\" \/>\n<meta property=\"article:modified_time\" content=\"2025-07-30T09:21:41+00:00\" \/>\n<meta property=\"og:image\" content=\"https:\/\/additioapp.com\/wp-content\/uploads\/2025\/07\/Book-Mockup-1.png\" \/>\n\t<meta property=\"og:image:width\" content=\"1563\" \/>\n\t<meta property=\"og:image:height\" content=\"1456\" \/>\n\t<meta property=\"og:image:type\" content=\"image\/png\" \/>\n<meta name=\"twitter:card\" content=\"summary_large_image\" \/>\n<meta name=\"twitter:label1\" content=\"Temps estimat de lectura\" \/>\n\t<meta name=\"twitter:data1\" content=\"3 minuts\" \/>\n<script type=\"application\/ld+json\" class=\"yoast-schema-graph\">{\"@context\":\"https:\/\/schema.org\",\"@graph\":[{\"@type\":\"WebPage\",\"@id\":\"https:\/\/additioapp.com\/ca\/aconsegueix-el-teu-ebook-gratuit\/\",\"url\":\"https:\/\/additioapp.com\/ca\/aconsegueix-el-teu-ebook-gratuit\/\",\"name\":\"Aconsegueix el teu ebook gratu\u00eft! - Additio App\",\"isPartOf\":{\"@id\":\"https:\/\/additioapp.com\/#website\"},\"primaryImageOfPage\":{\"@id\":\"https:\/\/additioapp.com\/ca\/aconsegueix-el-teu-ebook-gratuit\/#primaryimage\"},\"image\":{\"@id\":\"https:\/\/additioapp.com\/ca\/aconsegueix-el-teu-ebook-gratuit\/#primaryimage\"},\"thumbnailUrl\":\"https:\/\/additioapp.com\/wp-content\/uploads\/2025\/07\/Book-Mockup-1.png\",\"datePublished\":\"2025-07-23T06:06:52+00:00\",\"dateModified\":\"2025-07-30T09:21:41+00:00\",\"description\":\"La tornada a l\u2019escola ser\u00e0 m\u00e9s f\u00e0cil amb l\u2019ebook gratu\u00eft \u201cGu\u00eda r\u00e1pida para empezar con Additio App\u201d. Aconsegueix-lo ara!\",\"breadcrumb\":{\"@id\":\"https:\/\/additioapp.com\/ca\/aconsegueix-el-teu-ebook-gratuit\/#breadcrumb\"},\"inLanguage\":\"ca\",\"potentialAction\":[{\"@type\":\"ReadAction\",\"target\":[\"https:\/\/additioapp.com\/ca\/aconsegueix-el-teu-ebook-gratuit\/\"]}]},{\"@type\":\"ImageObject\",\"inLanguage\":\"ca\",\"@id\":\"https:\/\/additioapp.com\/ca\/aconsegueix-el-teu-ebook-gratuit\/#primaryimage\",\"url\":\"https:\/\/additioapp.com\/wp-content\/uploads\/2025\/07\/Book-Mockup-1.png\",\"contentUrl\":\"https:\/\/additioapp.com\/wp-content\/uploads\/2025\/07\/Book-Mockup-1.png\",\"width\":1563,\"height\":1456},{\"@type\":\"BreadcrumbList\",\"@id\":\"https:\/\/additioapp.com\/ca\/aconsegueix-el-teu-ebook-gratuit\/#breadcrumb\",\"itemListElement\":[{\"@type\":\"ListItem\",\"position\":1,\"name\":\"Portada\",\"item\":\"https:\/\/additioapp.com\/ca\/\"},{\"@type\":\"ListItem\",\"position\":2,\"name\":\"Aconsegueix el teu ebook gratu\u00eft!\"}]},{\"@type\":\"WebSite\",\"@id\":\"https:\/\/additioapp.com\/#website\",\"url\":\"https:\/\/additioapp.com\/\",\"name\":\"Additio App\",\"description\":\"Plataforma de gesti\u00f3 escolar de nova generaci\u00f3\",\"publisher\":{\"@id\":\"https:\/\/additioapp.com\/#organization\"},\"potentialAction\":[{\"@type\":\"SearchAction\",\"target\":{\"@type\":\"EntryPoint\",\"urlTemplate\":\"https:\/\/additioapp.com\/?s={search_term_string}\"},\"query-input\":{\"@type\":\"PropertyValueSpecification\",\"valueRequired\":true,\"valueName\":\"search_term_string\"}}],\"inLanguage\":\"ca\"},{\"@type\":\"Organization\",\"@id\":\"https:\/\/additioapp.com\/#organization\",\"name\":\"Additio App\",\"url\":\"https:\/\/additioapp.com\/\",\"logo\":{\"@type\":\"ImageObject\",\"inLanguage\":\"ca\",\"@id\":\"https:\/\/additioapp.com\/#\/schema\/logo\/image\/\",\"url\":\"https:\/\/additioapp.com\/wp-content\/uploads\/2026\/03\/logo-web-by-seven.svg\",\"contentUrl\":\"https:\/\/additioapp.com\/wp-content\/uploads\/2026\/03\/logo-web-by-seven.svg\",\"caption\":\"Additio App\"},\"image\":{\"@id\":\"https:\/\/additioapp.com\/#\/schema\/logo\/image\/\"}}]}<\/script>\n<!-- \/ Yoast SEO plugin. -->","yoast_head_json":{"title":"Aconsegueix el teu ebook gratu\u00eft! - Additio App","description":"La tornada a l\u2019escola ser\u00e0 m\u00e9s f\u00e0cil amb l\u2019ebook gratu\u00eft \u201cGu\u00eda r\u00e1pida para empezar con Additio App\u201d. Aconsegueix-lo ara!","robots":{"index":"index","follow":"follow","max-snippet":"max-snippet:-1","max-image-preview":"max-image-preview:large","max-video-preview":"max-video-preview:-1"},"canonical":"https:\/\/additioapp.com\/ca\/aconsegueix-el-teu-ebook-gratuit\/","og_locale":"ca_ES","og_type":"article","og_title":"Aconsegueix el teu ebook gratu\u00eft! - Additio App","og_description":"La tornada a l\u2019escola ser\u00e0 m\u00e9s f\u00e0cil amb l\u2019ebook gratu\u00eft \u201cGu\u00eda r\u00e1pida para empezar con Additio App\u201d. Aconsegueix-lo ara!","og_url":"https:\/\/additioapp.com\/ca\/aconsegueix-el-teu-ebook-gratuit\/","og_site_name":"Additio App","article_modified_time":"2025-07-30T09:21:41+00:00","og_image":[{"width":1563,"height":1456,"url":"https:\/\/additioapp.com\/wp-content\/uploads\/2025\/07\/Book-Mockup-1.png","type":"image\/png"}],"twitter_card":"summary_large_image","twitter_misc":{"Temps estimat de lectura":"3 minuts"},"schema":{"@context":"https:\/\/schema.org","@graph":[{"@type":"WebPage","@id":"https:\/\/additioapp.com\/ca\/aconsegueix-el-teu-ebook-gratuit\/","url":"https:\/\/additioapp.com\/ca\/aconsegueix-el-teu-ebook-gratuit\/","name":"Aconsegueix el teu ebook gratu\u00eft! - Additio App","isPartOf":{"@id":"https:\/\/additioapp.com\/#website"},"primaryImageOfPage":{"@id":"https:\/\/additioapp.com\/ca\/aconsegueix-el-teu-ebook-gratuit\/#primaryimage"},"image":{"@id":"https:\/\/additioapp.com\/ca\/aconsegueix-el-teu-ebook-gratuit\/#primaryimage"},"thumbnailUrl":"https:\/\/additioapp.com\/wp-content\/uploads\/2025\/07\/Book-Mockup-1.png","datePublished":"2025-07-23T06:06:52+00:00","dateModified":"2025-07-30T09:21:41+00:00","description":"La tornada a l\u2019escola ser\u00e0 m\u00e9s f\u00e0cil amb l\u2019ebook gratu\u00eft \u201cGu\u00eda r\u00e1pida para empezar con Additio App\u201d. Aconsegueix-lo ara!","breadcrumb":{"@id":"https:\/\/additioapp.com\/ca\/aconsegueix-el-teu-ebook-gratuit\/#breadcrumb"},"inLanguage":"ca","potentialAction":[{"@type":"ReadAction","target":["https:\/\/additioapp.com\/ca\/aconsegueix-el-teu-ebook-gratuit\/"]}]},{"@type":"ImageObject","inLanguage":"ca","@id":"https:\/\/additioapp.com\/ca\/aconsegueix-el-teu-ebook-gratuit\/#primaryimage","url":"https:\/\/additioapp.com\/wp-content\/uploads\/2025\/07\/Book-Mockup-1.png","contentUrl":"https:\/\/additioapp.com\/wp-content\/uploads\/2025\/07\/Book-Mockup-1.png","width":1563,"height":1456},{"@type":"BreadcrumbList","@id":"https:\/\/additioapp.com\/ca\/aconsegueix-el-teu-ebook-gratuit\/#breadcrumb","itemListElement":[{"@type":"ListItem","position":1,"name":"Portada","item":"https:\/\/additioapp.com\/ca\/"},{"@type":"ListItem","position":2,"name":"Aconsegueix el teu ebook gratu\u00eft!"}]},{"@type":"WebSite","@id":"https:\/\/additioapp.com\/#website","url":"https:\/\/additioapp.com\/","name":"Additio App","description":"Plataforma de gesti\u00f3 escolar de nova generaci\u00f3","publisher":{"@id":"https:\/\/additioapp.com\/#organization"},"potentialAction":[{"@type":"SearchAction","target":{"@type":"EntryPoint","urlTemplate":"https:\/\/additioapp.com\/?s={search_term_string}"},"query-input":{"@type":"PropertyValueSpecification","valueRequired":true,"valueName":"search_term_string"}}],"inLanguage":"ca"},{"@type":"Organization","@id":"https:\/\/additioapp.com\/#organization","name":"Additio App","url":"https:\/\/additioapp.com\/","logo":{"@type":"ImageObject","inLanguage":"ca","@id":"https:\/\/additioapp.com\/#\/schema\/logo\/image\/","url":"https:\/\/additioapp.com\/wp-content\/uploads\/2026\/03\/logo-web-by-seven.svg","contentUrl":"https:\/\/additioapp.com\/wp-content\/uploads\/2026\/03\/logo-web-by-seven.svg","caption":"Additio App"},"image":{"@id":"https:\/\/additioapp.com\/#\/schema\/logo\/image\/"}}]}},"_links":{"self":[{"href":"https:\/\/additioapp.com\/ca\/wp-json\/wp\/v2\/pages\/32771","targetHints":{"allow":["GET"]}}],"collection":[{"href":"https:\/\/additioapp.com\/ca\/wp-json\/wp\/v2\/pages"}],"about":[{"href":"https:\/\/additioapp.com\/ca\/wp-json\/wp\/v2\/types\/page"}],"author":[{"embeddable":true,"href":"https:\/\/additioapp.com\/ca\/wp-json\/wp\/v2\/users\/7"}],"replies":[{"embeddable":true,"href":"https:\/\/additioapp.com\/ca\/wp-json\/wp\/v2\/comments?post=32771"}],"version-history":[{"count":3,"href":"https:\/\/additioapp.com\/ca\/wp-json\/wp\/v2\/pages\/32771\/revisions"}],"predecessor-version":[{"id":32889,"href":"https:\/\/additioapp.com\/ca\/wp-json\/wp\/v2\/pages\/32771\/revisions\/32889"}],"wp:featuredmedia":[{"embeddable":true,"href":"https:\/\/additioapp.com\/ca\/wp-json\/wp\/v2\/media\/32756"}],"wp:attachment":[{"href":"https:\/\/additioapp.com\/ca\/wp-json\/wp\/v2\/media?parent=32771"}],"curies":[{"name":"wp","href":"https:\/\/api.w.org\/{rel}","templated":true}]}}