{"id":19308,"date":"2022-07-28T08:02:29","date_gmt":"2022-07-28T08:02:29","guid":{"rendered":"https:\/\/additioapp.com\/webinars\/"},"modified":"2026-02-12T08:43:38","modified_gmt":"2026-02-12T08:43:38","slug":"webinars","status":"publish","type":"page","link":"https:\/\/additioapp.com\/ca\/webinars\/","title":{"rendered":"Webinars"},"content":{"rendered":"","protected":false},"excerpt":{"rendered":"","protected":false},"author":1,"featured_media":0,"parent":0,"menu_order":0,"comment_status":"closed","ping_status":"closed","template":"","meta":{"_acf_changed":false,"inline_featured_image":false,"footnotes":""},"class_list":["post-19308","page","type-page","status-publish","hentry"],"acf":[],"yoast_head":"<!-- This site is optimized with the Yoast SEO plugin v26.1.1 - https:\/\/yoast.com\/wordpress\/plugins\/seo\/ -->\n<title>Webinars - Additio App<\/title>\n<meta name=\"description\" content=\"Apunta\u2019t als nostres webinars per con\u00e8ixer m\u00e9s sobre Additio i estar al dia de les tend\u00e8ncies i tem\u00e0tiques relacionades amb l\u2019educaci\u00f3.\" \/>\n<meta name=\"robots\" content=\"noindex, nofollow\" \/>\n<meta property=\"og:locale\" content=\"ca_ES\" \/>\n<meta property=\"og:type\" content=\"article\" \/>\n<meta property=\"og:title\" content=\"Webinars - Additio App\" \/>\n<meta property=\"og:description\" content=\"Apunta\u2019t als nostres webinars per con\u00e8ixer m\u00e9s sobre Additio i estar al dia de les tend\u00e8ncies i tem\u00e0tiques relacionades amb l\u2019educaci\u00f3.\" \/>\n<meta property=\"og:url\" content=\"https:\/\/additioapp.com\/ca\/webinars\/\" \/>\n<meta property=\"og:site_name\" content=\"Additio App\" \/>\n<meta property=\"article:modified_time\" content=\"2026-02-12T08:43:38+00:00\" \/>\n<meta property=\"og:image\" content=\"https:\/\/additioapp.com\/wp-content\/uploads\/2023\/05\/logo-xarxes.png\" \/>\n\t<meta property=\"og:image:width\" content=\"768\" \/>\n\t<meta property=\"og:image:height\" content=\"384\" \/>\n\t<meta property=\"og:image:type\" content=\"image\/png\" \/>\n<meta name=\"twitter:card\" content=\"summary_large_image\" \/>\n<meta name=\"twitter:label1\" content=\"Temps estimat de lectura\" \/>\n\t<meta name=\"twitter:data1\" content=\"5 minuts\" \/>\n<script type=\"application\/ld+json\" class=\"yoast-schema-graph\">{\"@context\":\"https:\/\/schema.org\",\"@graph\":[{\"@type\":\"WebPage\",\"@id\":\"https:\/\/additioapp.com\/ca\/webinars\/\",\"url\":\"https:\/\/additioapp.com\/ca\/webinars\/\",\"name\":\"Webinars - Additio App\",\"isPartOf\":{\"@id\":\"https:\/\/additioapp.com\/#website\"},\"datePublished\":\"2022-07-28T08:02:29+00:00\",\"dateModified\":\"2026-02-12T08:43:38+00:00\",\"description\":\"Apunta\u2019t als nostres webinars per con\u00e8ixer m\u00e9s sobre Additio i estar al dia de les tend\u00e8ncies i tem\u00e0tiques relacionades amb l\u2019educaci\u00f3.\",\"breadcrumb\":{\"@id\":\"https:\/\/additioapp.com\/ca\/webinars\/#breadcrumb\"},\"inLanguage\":\"ca\",\"potentialAction\":[{\"@type\":\"ReadAction\",\"target\":[\"https:\/\/additioapp.com\/ca\/webinars\/\"]}]},{\"@type\":\"BreadcrumbList\",\"@id\":\"https:\/\/additioapp.com\/ca\/webinars\/#breadcrumb\",\"itemListElement\":[{\"@type\":\"ListItem\",\"position\":1,\"name\":\"Portada\",\"item\":\"https:\/\/additioapp.com\/ca\/\"},{\"@type\":\"ListItem\",\"position\":2,\"name\":\"Webinars\"}]},{\"@type\":\"WebSite\",\"@id\":\"https:\/\/additioapp.com\/#website\",\"url\":\"https:\/\/additioapp.com\/\",\"name\":\"Additio App\",\"description\":\"Plataforma de gesti\u00f3 escolar de nova generaci\u00f3\",\"publisher\":{\"@id\":\"https:\/\/additioapp.com\/#organization\"},\"potentialAction\":[{\"@type\":\"SearchAction\",\"target\":{\"@type\":\"EntryPoint\",\"urlTemplate\":\"https:\/\/additioapp.com\/?s={search_term_string}\"},\"query-input\":{\"@type\":\"PropertyValueSpecification\",\"valueRequired\":true,\"valueName\":\"search_term_string\"}}],\"inLanguage\":\"ca\"},{\"@type\":\"Organization\",\"@id\":\"https:\/\/additioapp.com\/#organization\",\"name\":\"Additio App\",\"url\":\"https:\/\/additioapp.com\/\",\"logo\":{\"@type\":\"ImageObject\",\"inLanguage\":\"ca\",\"@id\":\"https:\/\/additioapp.com\/#\/schema\/logo\/image\/\",\"url\":\"https:\/\/additioapp.com\/wp-content\/uploads\/2026\/03\/logo-web-by-seven.svg\",\"contentUrl\":\"https:\/\/additioapp.com\/wp-content\/uploads\/2026\/03\/logo-web-by-seven.svg\",\"caption\":\"Additio App\"},\"image\":{\"@id\":\"https:\/\/additioapp.com\/#\/schema\/logo\/image\/\"}}]}<\/script>\n<!-- \/ Yoast SEO plugin. -->","yoast_head_json":{"title":"Webinars - Additio App","description":"Apunta\u2019t als nostres webinars per con\u00e8ixer m\u00e9s sobre Additio i estar al dia de les tend\u00e8ncies i tem\u00e0tiques relacionades amb l\u2019educaci\u00f3.","robots":{"index":"noindex","follow":"nofollow"},"og_locale":"ca_ES","og_type":"article","og_title":"Webinars - Additio App","og_description":"Apunta\u2019t als nostres webinars per con\u00e8ixer m\u00e9s sobre Additio i estar al dia de les tend\u00e8ncies i tem\u00e0tiques relacionades amb l\u2019educaci\u00f3.","og_url":"https:\/\/additioapp.com\/ca\/webinars\/","og_site_name":"Additio App","article_modified_time":"2026-02-12T08:43:38+00:00","og_image":[{"width":768,"height":384,"url":"https:\/\/additioapp.com\/wp-content\/uploads\/2023\/05\/logo-xarxes.png","type":"image\/png"}],"twitter_card":"summary_large_image","twitter_misc":{"Temps estimat de lectura":"5 minuts"},"schema":{"@context":"https:\/\/schema.org","@graph":[{"@type":"WebPage","@id":"https:\/\/additioapp.com\/ca\/webinars\/","url":"https:\/\/additioapp.com\/ca\/webinars\/","name":"Webinars - Additio App","isPartOf":{"@id":"https:\/\/additioapp.com\/#website"},"datePublished":"2022-07-28T08:02:29+00:00","dateModified":"2026-02-12T08:43:38+00:00","description":"Apunta\u2019t als nostres webinars per con\u00e8ixer m\u00e9s sobre Additio i estar al dia de les tend\u00e8ncies i tem\u00e0tiques relacionades amb l\u2019educaci\u00f3.","breadcrumb":{"@id":"https:\/\/additioapp.com\/ca\/webinars\/#breadcrumb"},"inLanguage":"ca","potentialAction":[{"@type":"ReadAction","target":["https:\/\/additioapp.com\/ca\/webinars\/"]}]},{"@type":"BreadcrumbList","@id":"https:\/\/additioapp.com\/ca\/webinars\/#breadcrumb","itemListElement":[{"@type":"ListItem","position":1,"name":"Portada","item":"https:\/\/additioapp.com\/ca\/"},{"@type":"ListItem","position":2,"name":"Webinars"}]},{"@type":"WebSite","@id":"https:\/\/additioapp.com\/#website","url":"https:\/\/additioapp.com\/","name":"Additio App","description":"Plataforma de gesti\u00f3 escolar de nova generaci\u00f3","publisher":{"@id":"https:\/\/additioapp.com\/#organization"},"potentialAction":[{"@type":"SearchAction","target":{"@type":"EntryPoint","urlTemplate":"https:\/\/additioapp.com\/?s={search_term_string}"},"query-input":{"@type":"PropertyValueSpecification","valueRequired":true,"valueName":"search_term_string"}}],"inLanguage":"ca"},{"@type":"Organization","@id":"https:\/\/additioapp.com\/#organization","name":"Additio App","url":"https:\/\/additioapp.com\/","logo":{"@type":"ImageObject","inLanguage":"ca","@id":"https:\/\/additioapp.com\/#\/schema\/logo\/image\/","url":"https:\/\/additioapp.com\/wp-content\/uploads\/2026\/03\/logo-web-by-seven.svg","contentUrl":"https:\/\/additioapp.com\/wp-content\/uploads\/2026\/03\/logo-web-by-seven.svg","caption":"Additio App"},"image":{"@id":"https:\/\/additioapp.com\/#\/schema\/logo\/image\/"}}]}},"_links":{"self":[{"href":"https:\/\/additioapp.com\/ca\/wp-json\/wp\/v2\/pages\/19308","targetHints":{"allow":["GET"]}}],"collection":[{"href":"https:\/\/additioapp.com\/ca\/wp-json\/wp\/v2\/pages"}],"about":[{"href":"https:\/\/additioapp.com\/ca\/wp-json\/wp\/v2\/types\/page"}],"author":[{"embeddable":true,"href":"https:\/\/additioapp.com\/ca\/wp-json\/wp\/v2\/users\/1"}],"replies":[{"embeddable":true,"href":"https:\/\/additioapp.com\/ca\/wp-json\/wp\/v2\/comments?post=19308"}],"version-history":[{"count":17,"href":"https:\/\/additioapp.com\/ca\/wp-json\/wp\/v2\/pages\/19308\/revisions"}],"predecessor-version":[{"id":34475,"href":"https:\/\/additioapp.com\/ca\/wp-json\/wp\/v2\/pages\/19308\/revisions\/34475"}],"wp:attachment":[{"href":"https:\/\/additioapp.com\/ca\/wp-json\/wp\/v2\/media?parent=19308"}],"curies":[{"name":"wp","href":"https:\/\/api.w.org\/{rel}","templated":true}]}}