{"id":19242,"date":"2022-08-04T10:49:13","date_gmt":"2022-08-04T10:49:13","guid":{"rendered":"https:\/\/additioapp.com\/informes-de-aprendizaje\/"},"modified":"2025-10-09T14:34:43","modified_gmt":"2025-10-09T14:34:43","slug":"informes-aprenentatge","status":"publish","type":"page","link":"https:\/\/additioapp.com\/ca\/informes-aprenentatge\/","title":{"rendered":"Informes d&#8217;aprenentatge"},"content":{"rendered":"","protected":false},"excerpt":{"rendered":"","protected":false},"author":2,"featured_media":0,"parent":0,"menu_order":0,"comment_status":"closed","ping_status":"closed","template":"","meta":{"_acf_changed":false,"inline_featured_image":false,"footnotes":""},"class_list":["post-19242","page","type-page","status-publish","hentry"],"acf":[],"yoast_head":"<!-- This site is optimized with the Yoast SEO plugin v26.1.1 - https:\/\/yoast.com\/wordpress\/plugins\/seo\/ -->\n<title>Informes d&#039;aprenentatge i butlletins de notes - Additio App<\/title>\n<meta name=\"description\" content=\"La plataforma d&#039;Additio permet generar informes d&#039;aprenentatge autom\u00e0tics, amb tota la informaci\u00f3 clau per veure el progr\u00e9s de l&#039;alumnat.\" \/>\n<meta name=\"robots\" content=\"index, follow, max-snippet:-1, max-image-preview:large, max-video-preview:-1\" \/>\n<link rel=\"canonical\" href=\"https:\/\/additioapp.com\/ca\/informes-aprenentatge\/\" \/>\n<meta property=\"og:locale\" content=\"ca_ES\" \/>\n<meta property=\"og:type\" content=\"article\" \/>\n<meta property=\"og:title\" content=\"Informes d&#039;aprenentatge i butlletins de notes - Additio App\" \/>\n<meta property=\"og:description\" content=\"La plataforma d&#039;Additio permet generar informes d&#039;aprenentatge autom\u00e0tics, amb tota la informaci\u00f3 clau per veure el progr\u00e9s de l&#039;alumnat.\" \/>\n<meta property=\"og:url\" content=\"https:\/\/additioapp.com\/ca\/informes-aprenentatge\/\" \/>\n<meta property=\"og:site_name\" content=\"Additio App\" \/>\n<meta property=\"article:modified_time\" content=\"2025-10-09T14:34:43+00:00\" \/>\n<meta property=\"og:image\" content=\"https:\/\/additioapp.com\/wp-content\/uploads\/2023\/05\/logo-xarxes.png\" \/>\n\t<meta property=\"og:image:width\" content=\"768\" \/>\n\t<meta property=\"og:image:height\" content=\"384\" \/>\n\t<meta property=\"og:image:type\" content=\"image\/png\" \/>\n<meta name=\"twitter:card\" content=\"summary_large_image\" \/>\n<meta name=\"twitter:label1\" content=\"Temps estimat de lectura\" \/>\n\t<meta name=\"twitter:data1\" content=\"3 minuts\" \/>\n<script type=\"application\/ld+json\" class=\"yoast-schema-graph\">{\"@context\":\"https:\/\/schema.org\",\"@graph\":[{\"@type\":\"WebPage\",\"@id\":\"https:\/\/additioapp.com\/ca\/informes-aprenentatge\/\",\"url\":\"https:\/\/additioapp.com\/ca\/informes-aprenentatge\/\",\"name\":\"Informes d'aprenentatge i butlletins de notes - Additio App\",\"isPartOf\":{\"@id\":\"https:\/\/additioapp.com\/#website\"},\"datePublished\":\"2022-08-04T10:49:13+00:00\",\"dateModified\":\"2025-10-09T14:34:43+00:00\",\"description\":\"La plataforma d'Additio permet generar informes d'aprenentatge autom\u00e0tics, amb tota la informaci\u00f3 clau per veure el progr\u00e9s de l'alumnat.\",\"breadcrumb\":{\"@id\":\"https:\/\/additioapp.com\/ca\/informes-aprenentatge\/#breadcrumb\"},\"inLanguage\":\"ca\",\"potentialAction\":[{\"@type\":\"ReadAction\",\"target\":[\"https:\/\/additioapp.com\/ca\/informes-aprenentatge\/\"]}]},{\"@type\":\"BreadcrumbList\",\"@id\":\"https:\/\/additioapp.com\/ca\/informes-aprenentatge\/#breadcrumb\",\"itemListElement\":[{\"@type\":\"ListItem\",\"position\":1,\"name\":\"Portada\",\"item\":\"https:\/\/additioapp.com\/ca\/\"},{\"@type\":\"ListItem\",\"position\":2,\"name\":\"Informes d&#8217;aprenentatge\"}]},{\"@type\":\"WebSite\",\"@id\":\"https:\/\/additioapp.com\/#website\",\"url\":\"https:\/\/additioapp.com\/\",\"name\":\"Additio App\",\"description\":\"Plataforma de gesti\u00f3 escolar de nova generaci\u00f3\",\"publisher\":{\"@id\":\"https:\/\/additioapp.com\/#organization\"},\"potentialAction\":[{\"@type\":\"SearchAction\",\"target\":{\"@type\":\"EntryPoint\",\"urlTemplate\":\"https:\/\/additioapp.com\/?s={search_term_string}\"},\"query-input\":{\"@type\":\"PropertyValueSpecification\",\"valueRequired\":true,\"valueName\":\"search_term_string\"}}],\"inLanguage\":\"ca\"},{\"@type\":\"Organization\",\"@id\":\"https:\/\/additioapp.com\/#organization\",\"name\":\"Additio App\",\"url\":\"https:\/\/additioapp.com\/\",\"logo\":{\"@type\":\"ImageObject\",\"inLanguage\":\"ca\",\"@id\":\"https:\/\/additioapp.com\/#\/schema\/logo\/image\/\",\"url\":\"https:\/\/additioapp.com\/wp-content\/uploads\/2026\/03\/logo-web-by-seven.svg\",\"contentUrl\":\"https:\/\/additioapp.com\/wp-content\/uploads\/2026\/03\/logo-web-by-seven.svg\",\"caption\":\"Additio App\"},\"image\":{\"@id\":\"https:\/\/additioapp.com\/#\/schema\/logo\/image\/\"}}]}<\/script>\n<!-- \/ Yoast SEO plugin. -->","yoast_head_json":{"title":"Informes d'aprenentatge i butlletins de notes - Additio App","description":"La plataforma d'Additio permet generar informes d'aprenentatge autom\u00e0tics, amb tota la informaci\u00f3 clau per veure el progr\u00e9s de l'alumnat.","robots":{"index":"index","follow":"follow","max-snippet":"max-snippet:-1","max-image-preview":"max-image-preview:large","max-video-preview":"max-video-preview:-1"},"canonical":"https:\/\/additioapp.com\/ca\/informes-aprenentatge\/","og_locale":"ca_ES","og_type":"article","og_title":"Informes d'aprenentatge i butlletins de notes - Additio App","og_description":"La plataforma d'Additio permet generar informes d'aprenentatge autom\u00e0tics, amb tota la informaci\u00f3 clau per veure el progr\u00e9s de l'alumnat.","og_url":"https:\/\/additioapp.com\/ca\/informes-aprenentatge\/","og_site_name":"Additio App","article_modified_time":"2025-10-09T14:34:43+00:00","og_image":[{"width":768,"height":384,"url":"https:\/\/additioapp.com\/wp-content\/uploads\/2023\/05\/logo-xarxes.png","type":"image\/png"}],"twitter_card":"summary_large_image","twitter_misc":{"Temps estimat de lectura":"3 minuts"},"schema":{"@context":"https:\/\/schema.org","@graph":[{"@type":"WebPage","@id":"https:\/\/additioapp.com\/ca\/informes-aprenentatge\/","url":"https:\/\/additioapp.com\/ca\/informes-aprenentatge\/","name":"Informes d'aprenentatge i butlletins de notes - Additio App","isPartOf":{"@id":"https:\/\/additioapp.com\/#website"},"datePublished":"2022-08-04T10:49:13+00:00","dateModified":"2025-10-09T14:34:43+00:00","description":"La plataforma d'Additio permet generar informes d'aprenentatge autom\u00e0tics, amb tota la informaci\u00f3 clau per veure el progr\u00e9s de l'alumnat.","breadcrumb":{"@id":"https:\/\/additioapp.com\/ca\/informes-aprenentatge\/#breadcrumb"},"inLanguage":"ca","potentialAction":[{"@type":"ReadAction","target":["https:\/\/additioapp.com\/ca\/informes-aprenentatge\/"]}]},{"@type":"BreadcrumbList","@id":"https:\/\/additioapp.com\/ca\/informes-aprenentatge\/#breadcrumb","itemListElement":[{"@type":"ListItem","position":1,"name":"Portada","item":"https:\/\/additioapp.com\/ca\/"},{"@type":"ListItem","position":2,"name":"Informes d&#8217;aprenentatge"}]},{"@type":"WebSite","@id":"https:\/\/additioapp.com\/#website","url":"https:\/\/additioapp.com\/","name":"Additio App","description":"Plataforma de gesti\u00f3 escolar de nova generaci\u00f3","publisher":{"@id":"https:\/\/additioapp.com\/#organization"},"potentialAction":[{"@type":"SearchAction","target":{"@type":"EntryPoint","urlTemplate":"https:\/\/additioapp.com\/?s={search_term_string}"},"query-input":{"@type":"PropertyValueSpecification","valueRequired":true,"valueName":"search_term_string"}}],"inLanguage":"ca"},{"@type":"Organization","@id":"https:\/\/additioapp.com\/#organization","name":"Additio App","url":"https:\/\/additioapp.com\/","logo":{"@type":"ImageObject","inLanguage":"ca","@id":"https:\/\/additioapp.com\/#\/schema\/logo\/image\/","url":"https:\/\/additioapp.com\/wp-content\/uploads\/2026\/03\/logo-web-by-seven.svg","contentUrl":"https:\/\/additioapp.com\/wp-content\/uploads\/2026\/03\/logo-web-by-seven.svg","caption":"Additio App"},"image":{"@id":"https:\/\/additioapp.com\/#\/schema\/logo\/image\/"}}]}},"_links":{"self":[{"href":"https:\/\/additioapp.com\/ca\/wp-json\/wp\/v2\/pages\/19242","targetHints":{"allow":["GET"]}}],"collection":[{"href":"https:\/\/additioapp.com\/ca\/wp-json\/wp\/v2\/pages"}],"about":[{"href":"https:\/\/additioapp.com\/ca\/wp-json\/wp\/v2\/types\/page"}],"author":[{"embeddable":true,"href":"https:\/\/additioapp.com\/ca\/wp-json\/wp\/v2\/users\/2"}],"replies":[{"embeddable":true,"href":"https:\/\/additioapp.com\/ca\/wp-json\/wp\/v2\/comments?post=19242"}],"version-history":[{"count":23,"href":"https:\/\/additioapp.com\/ca\/wp-json\/wp\/v2\/pages\/19242\/revisions"}],"predecessor-version":[{"id":33368,"href":"https:\/\/additioapp.com\/ca\/wp-json\/wp\/v2\/pages\/19242\/revisions\/33368"}],"wp:attachment":[{"href":"https:\/\/additioapp.com\/ca\/wp-json\/wp\/v2\/media?parent=19242"}],"curies":[{"name":"wp","href":"https:\/\/api.w.org\/{rel}","templated":true}]}}