{"id":19214,"date":"2022-08-04T09:42:15","date_gmt":"2022-08-04T09:42:15","guid":{"rendered":"https:\/\/additioapp.com\/examenes-y-actividades-online\/"},"modified":"2023-12-27T09:11:21","modified_gmt":"2023-12-27T09:11:21","slug":"examens-i-activitats-online","status":"publish","type":"page","link":"https:\/\/additioapp.com\/ca\/examens-i-activitats-online\/","title":{"rendered":"Ex\u00e0mens i activitats online"},"content":{"rendered":"","protected":false},"excerpt":{"rendered":"","protected":false},"author":2,"featured_media":0,"parent":0,"menu_order":0,"comment_status":"closed","ping_status":"closed","template":"","meta":{"_acf_changed":false,"inline_featured_image":false,"footnotes":""},"class_list":["post-19214","page","type-page","status-publish","hentry"],"acf":[],"yoast_head":"<!-- This site is optimized with the Yoast SEO plugin v26.1.1 - https:\/\/yoast.com\/wordpress\/plugins\/seo\/ -->\n<title>Eina per la creaci\u00f3 d&#039;ex\u00e0mens i activitats online - Additio App<\/title>\n<meta name=\"description\" content=\"Els quizzes d&#039;Additio permeten crear f\u00e0cilment ex\u00e0mens i activitats per utilitzar a les teves classes. Registra&#039;t gratis!\" \/>\n<meta name=\"robots\" content=\"index, follow, max-snippet:-1, max-image-preview:large, max-video-preview:-1\" \/>\n<link rel=\"canonical\" href=\"https:\/\/additioapp.com\/ca\/examens-i-activitats-online\/\" \/>\n<meta property=\"og:locale\" content=\"ca_ES\" \/>\n<meta property=\"og:type\" content=\"article\" \/>\n<meta property=\"og:title\" content=\"Eina per la creaci\u00f3 d&#039;ex\u00e0mens i activitats online - Additio App\" \/>\n<meta property=\"og:description\" content=\"Els quizzes d&#039;Additio permeten crear f\u00e0cilment ex\u00e0mens i activitats per utilitzar a les teves classes. Registra&#039;t gratis!\" \/>\n<meta property=\"og:url\" content=\"https:\/\/additioapp.com\/ca\/examens-i-activitats-online\/\" \/>\n<meta property=\"og:site_name\" content=\"Additio App\" \/>\n<meta property=\"article:modified_time\" content=\"2023-12-27T09:11:21+00:00\" \/>\n<meta property=\"og:image\" content=\"https:\/\/additioapp.com\/wp-content\/uploads\/2023\/05\/logo-xarxes.png\" \/>\n\t<meta property=\"og:image:width\" content=\"768\" \/>\n\t<meta property=\"og:image:height\" content=\"384\" \/>\n\t<meta property=\"og:image:type\" content=\"image\/png\" \/>\n<meta name=\"twitter:card\" content=\"summary_large_image\" \/>\n<script type=\"application\/ld+json\" class=\"yoast-schema-graph\">{\"@context\":\"https:\/\/schema.org\",\"@graph\":[{\"@type\":\"WebPage\",\"@id\":\"https:\/\/additioapp.com\/ca\/examens-i-activitats-online\/\",\"url\":\"https:\/\/additioapp.com\/ca\/examens-i-activitats-online\/\",\"name\":\"Eina per la creaci\u00f3 d'ex\u00e0mens i activitats online - Additio App\",\"isPartOf\":{\"@id\":\"https:\/\/additioapp.com\/#website\"},\"datePublished\":\"2022-08-04T09:42:15+00:00\",\"dateModified\":\"2023-12-27T09:11:21+00:00\",\"description\":\"Els quizzes d'Additio permeten crear f\u00e0cilment ex\u00e0mens i activitats per utilitzar a les teves classes. Registra't gratis!\",\"breadcrumb\":{\"@id\":\"https:\/\/additioapp.com\/ca\/examens-i-activitats-online\/#breadcrumb\"},\"inLanguage\":\"ca\",\"potentialAction\":[{\"@type\":\"ReadAction\",\"target\":[\"https:\/\/additioapp.com\/ca\/examens-i-activitats-online\/\"]}]},{\"@type\":\"BreadcrumbList\",\"@id\":\"https:\/\/additioapp.com\/ca\/examens-i-activitats-online\/#breadcrumb\",\"itemListElement\":[{\"@type\":\"ListItem\",\"position\":1,\"name\":\"Portada\",\"item\":\"https:\/\/additioapp.com\/ca\/\"},{\"@type\":\"ListItem\",\"position\":2,\"name\":\"Ex\u00e0mens i activitats online\"}]},{\"@type\":\"WebSite\",\"@id\":\"https:\/\/additioapp.com\/#website\",\"url\":\"https:\/\/additioapp.com\/\",\"name\":\"Additio App\",\"description\":\"Plataforma de gesti\u00f3 escolar de nova generaci\u00f3\",\"publisher\":{\"@id\":\"https:\/\/additioapp.com\/#organization\"},\"potentialAction\":[{\"@type\":\"SearchAction\",\"target\":{\"@type\":\"EntryPoint\",\"urlTemplate\":\"https:\/\/additioapp.com\/?s={search_term_string}\"},\"query-input\":{\"@type\":\"PropertyValueSpecification\",\"valueRequired\":true,\"valueName\":\"search_term_string\"}}],\"inLanguage\":\"ca\"},{\"@type\":\"Organization\",\"@id\":\"https:\/\/additioapp.com\/#organization\",\"name\":\"Additio App\",\"url\":\"https:\/\/additioapp.com\/\",\"logo\":{\"@type\":\"ImageObject\",\"inLanguage\":\"ca\",\"@id\":\"https:\/\/additioapp.com\/#\/schema\/logo\/image\/\",\"url\":\"https:\/\/additioapp.com\/wp-content\/uploads\/2026\/03\/logo-web-by-seven.svg\",\"contentUrl\":\"https:\/\/additioapp.com\/wp-content\/uploads\/2026\/03\/logo-web-by-seven.svg\",\"caption\":\"Additio App\"},\"image\":{\"@id\":\"https:\/\/additioapp.com\/#\/schema\/logo\/image\/\"}}]}<\/script>\n<!-- \/ Yoast SEO plugin. -->","yoast_head_json":{"title":"Eina per la creaci\u00f3 d'ex\u00e0mens i activitats online - Additio App","description":"Els quizzes d'Additio permeten crear f\u00e0cilment ex\u00e0mens i activitats per utilitzar a les teves classes. Registra't gratis!","robots":{"index":"index","follow":"follow","max-snippet":"max-snippet:-1","max-image-preview":"max-image-preview:large","max-video-preview":"max-video-preview:-1"},"canonical":"https:\/\/additioapp.com\/ca\/examens-i-activitats-online\/","og_locale":"ca_ES","og_type":"article","og_title":"Eina per la creaci\u00f3 d'ex\u00e0mens i activitats online - Additio App","og_description":"Els quizzes d'Additio permeten crear f\u00e0cilment ex\u00e0mens i activitats per utilitzar a les teves classes. Registra't gratis!","og_url":"https:\/\/additioapp.com\/ca\/examens-i-activitats-online\/","og_site_name":"Additio App","article_modified_time":"2023-12-27T09:11:21+00:00","og_image":[{"width":768,"height":384,"url":"https:\/\/additioapp.com\/wp-content\/uploads\/2023\/05\/logo-xarxes.png","type":"image\/png"}],"twitter_card":"summary_large_image","schema":{"@context":"https:\/\/schema.org","@graph":[{"@type":"WebPage","@id":"https:\/\/additioapp.com\/ca\/examens-i-activitats-online\/","url":"https:\/\/additioapp.com\/ca\/examens-i-activitats-online\/","name":"Eina per la creaci\u00f3 d'ex\u00e0mens i activitats online - Additio App","isPartOf":{"@id":"https:\/\/additioapp.com\/#website"},"datePublished":"2022-08-04T09:42:15+00:00","dateModified":"2023-12-27T09:11:21+00:00","description":"Els quizzes d'Additio permeten crear f\u00e0cilment ex\u00e0mens i activitats per utilitzar a les teves classes. Registra't gratis!","breadcrumb":{"@id":"https:\/\/additioapp.com\/ca\/examens-i-activitats-online\/#breadcrumb"},"inLanguage":"ca","potentialAction":[{"@type":"ReadAction","target":["https:\/\/additioapp.com\/ca\/examens-i-activitats-online\/"]}]},{"@type":"BreadcrumbList","@id":"https:\/\/additioapp.com\/ca\/examens-i-activitats-online\/#breadcrumb","itemListElement":[{"@type":"ListItem","position":1,"name":"Portada","item":"https:\/\/additioapp.com\/ca\/"},{"@type":"ListItem","position":2,"name":"Ex\u00e0mens i activitats online"}]},{"@type":"WebSite","@id":"https:\/\/additioapp.com\/#website","url":"https:\/\/additioapp.com\/","name":"Additio App","description":"Plataforma de gesti\u00f3 escolar de nova generaci\u00f3","publisher":{"@id":"https:\/\/additioapp.com\/#organization"},"potentialAction":[{"@type":"SearchAction","target":{"@type":"EntryPoint","urlTemplate":"https:\/\/additioapp.com\/?s={search_term_string}"},"query-input":{"@type":"PropertyValueSpecification","valueRequired":true,"valueName":"search_term_string"}}],"inLanguage":"ca"},{"@type":"Organization","@id":"https:\/\/additioapp.com\/#organization","name":"Additio App","url":"https:\/\/additioapp.com\/","logo":{"@type":"ImageObject","inLanguage":"ca","@id":"https:\/\/additioapp.com\/#\/schema\/logo\/image\/","url":"https:\/\/additioapp.com\/wp-content\/uploads\/2026\/03\/logo-web-by-seven.svg","contentUrl":"https:\/\/additioapp.com\/wp-content\/uploads\/2026\/03\/logo-web-by-seven.svg","caption":"Additio App"},"image":{"@id":"https:\/\/additioapp.com\/#\/schema\/logo\/image\/"}}]}},"_links":{"self":[{"href":"https:\/\/additioapp.com\/ca\/wp-json\/wp\/v2\/pages\/19214","targetHints":{"allow":["GET"]}}],"collection":[{"href":"https:\/\/additioapp.com\/ca\/wp-json\/wp\/v2\/pages"}],"about":[{"href":"https:\/\/additioapp.com\/ca\/wp-json\/wp\/v2\/types\/page"}],"author":[{"embeddable":true,"href":"https:\/\/additioapp.com\/ca\/wp-json\/wp\/v2\/users\/2"}],"replies":[{"embeddable":true,"href":"https:\/\/additioapp.com\/ca\/wp-json\/wp\/v2\/comments?post=19214"}],"version-history":[{"count":6,"href":"https:\/\/additioapp.com\/ca\/wp-json\/wp\/v2\/pages\/19214\/revisions"}],"predecessor-version":[{"id":27910,"href":"https:\/\/additioapp.com\/ca\/wp-json\/wp\/v2\/pages\/19214\/revisions\/27910"}],"wp:attachment":[{"href":"https:\/\/additioapp.com\/ca\/wp-json\/wp\/v2\/media?parent=19214"}],"curies":[{"name":"wp","href":"https:\/\/api.w.org\/{rel}","templated":true}]}}